{"id":164,"date":"2020-10-02T18:27:31","date_gmt":"2020-10-02T21:27:31","guid":{"rendered":"https:\/\/institutobotiexikrin.org\/\/?page_id=164"},"modified":"2020-11-26T10:49:59","modified_gmt":"2020-11-26T13:49:59","slug":"festividades-xikrin","status":"publish","type":"page","link":"https:\/\/institutobotiexikrin.org\/xk\/festividades-xikrin\/","title":{"rendered":"Festividades Xikrin"},"content":{"rendered":"<p>[et_pb_section fb_built=&#8221;1&#8243; _builder_version=&#8221;4.6.1&#8243; _module_preset=&#8221;default&#8221; background_color=&#8221;rgba(0,0,0,0.65)&#8221; background_image=&#8221;https:\/\/institutobotiexikrin.org\/\/wp-content\/uploads\/2020\/10\/festividades-01.jpg&#8221; background_blend=&#8221;overlay&#8221; module_alignment=&#8221;center&#8221; min_height=&#8221;750px&#8221; min_height_tablet=&#8221;&#8221; min_height_phone=&#8221;&#8221; min_height_last_edited=&#8221;on|desktop&#8221; background_last_edited=&#8221;on|phone&#8221; background_size_phone=&#8221;cover&#8221; background_position_tablet=&#8221;top_center&#8221; background_position_phone=&#8221;top_center&#8221;][et_pb_row _builder_version=&#8221;4.6.1&#8243; _module_preset=&#8221;default&#8221;][et_pb_column type=&#8221;4_4&#8243; _builder_version=&#8221;4.6.1&#8243; _module_preset=&#8221;default&#8221;][et_pb_text _builder_version=&#8221;4.6.1&#8243; _module_preset=&#8221;default&#8221; text_font=&#8221;Raleway||||||||&#8221; text_text_color=&#8221;#ffffff&#8221; text_font_size=&#8221;5em&#8221; text_line_height=&#8221;1.2em&#8221; hover_enabled=&#8221;0&#8243; text_font_size_tablet=&#8221;4em&#8221; text_font_size_phone=&#8221;2.8em&#8221; text_font_size_last_edited=&#8221;on|phone&#8221; sticky_enabled=&#8221;0&#8243;]<\/p>\n<p>FESTIVIDADES XIKRIN<\/p>\n<p>[\/et_pb_text][et_pb_divider color=&#8221;#ffffff&#8221; divider_position=&#8221;center&#8221; divider_weight=&#8221;5px&#8221; _builder_version=&#8221;4.6.1&#8243; _module_preset=&#8221;default&#8221; width=&#8221;250px&#8221; module_alignment=&#8221;left&#8221; hover_enabled=&#8221;0&#8243; sticky_enabled=&#8221;0&#8243;][\/et_pb_divider][et_pb_text _builder_version=&#8221;4.6.1&#8243; _module_preset=&#8221;default&#8221; text_font=&#8221;Raleway||||||||&#8221; text_text_color=&#8221;#ffffff&#8221; text_font_size=&#8221;1.5em&#8221; text_line_height=&#8221;1.5em&#8221; text_text_color_tablet=&#8221;&#8221; text_text_color_phone=&#8221;&#8221; text_text_color_last_edited=&#8221;on|phone&#8221; text_font_size_tablet=&#8221;1.5em&#8221; text_font_size_phone=&#8221;1.2em&#8221; text_font_size_last_edited=&#8221;on|desktop&#8221; text_line_height_tablet=&#8221;&#8221; text_line_height_phone=&#8221;&#8221; text_line_height_last_edited=&#8221;on|phone&#8221;]<\/p>\n<p>As festas aconteceram nos meses de agosto e setembro de 2019 nas aldeias Catet\u00e9, Dudjek\u00f4 e \u00d4\u00f4dj\u00e3 com pintura corporal, cantos e dan\u00e7a em c\u00edrculo ao som de instrumentos musicais, como chocalhos e marac\u00e1s, Bep-Kwy, Mekutop e Menire Bi\u00f4k, T\u00e1k\u00e1k, Kapram, Amejny s\u00e3o festividades e costumes que vem desde os antepassados ind\u00edgenas, passado de pai para filho, gera\u00e7\u00e3o em gera\u00e7\u00e3o. A dan\u00e7a ind\u00edgena tem o objetivo de realizar rituais que podem ser por v\u00e1rias raz\u00f5es, como: agradecer pela colheita, pesca, fazer homenagem \u00e0s pessoas mortas, al\u00e9m de outros motivos. As festas, dan\u00e7a ind\u00edgena possui inten\u00e7\u00f5es diferentes de outras dan\u00e7as porque \u00e9 uma pr\u00e1tica que abrange rituais e costumes da nossa etnia Xikrin.<\/p>\n<p>[\/et_pb_text][\/et_pb_column][\/et_pb_row][\/et_pb_section]<\/p>\n","protected":false},"excerpt":{"rendered":"<p>[et_pb_section fb_built=&#8221;1&#8243; _builder_version=&#8221;4.6.1&#8243; _module_preset=&#8221;default&#8221; background_color=&#8221;rgba(0,0,0,0.65)&#8221; background_image=&#8221;https:\/\/institutobotiexikrin.org\/\/wp-content\/uploads\/2020\/10\/festividades-01.jpg&#8221; background_blend=&#8221;overlay&#8221; module_alignment=&#8221;center&#8221; min_height=&#8221;750px&#8221; min_height_tablet=&#8221;&#8221; min_height_phone=&#8221;&#8221; min_height_last_edited=&#8221;on|desktop&#8221; background_last_edited=&#8221;on|phone&#8221; background_size_phone=&#8221;cover&#8221; background_position_tablet=&#8221;top_center&#8221; background_position_phone=&#8221;top_center&#8221;][et_pb_row _builder_version=&#8221;4.6.1&#8243; _module_preset=&#8221;default&#8221;][et_pb_column type=&#8221;4_4&#8243; _builder_version=&#8221;4.6.1&#8243; _module_preset=&#8221;default&#8221;][et_pb_text _builder_version=&#8221;4.6.1&#8243; _module_preset=&#8221;default&#8221; text_font=&#8221;Raleway||||||||&#8221; text_text_color=&#8221;#ffffff&#8221; text_font_size=&#8221;5em&#8221; text_line_height=&#8221;1.2em&#8221; hover_enabled=&#8221;0&#8243; text_font_size_tablet=&#8221;4em&#8221; text_font_size_phone=&#8221;2.8em&#8221; text_font_size_last_edited=&#8221;on|phone&#8221; sticky_enabled=&#8221;0&#8243;] FESTIVIDADES XIKRIN [\/et_pb_text][et_pb_divider color=&#8221;#ffffff&#8221; divider_position=&#8221;center&#8221; divider_weight=&#8221;5px&#8221; _builder_version=&#8221;4.6.1&#8243; _module_preset=&#8221;default&#8221; width=&#8221;250px&#8221; module_alignment=&#8221;left&#8221; hover_enabled=&#8221;0&#8243; sticky_enabled=&#8221;0&#8243;][\/et_pb_divider][et_pb_text _builder_version=&#8221;4.6.1&#8243; _module_preset=&#8221;default&#8221; text_font=&#8221;Raleway||||||||&#8221; text_text_color=&#8221;#ffffff&#8221; text_font_size=&#8221;1.5em&#8221; text_line_height=&#8221;1.5em&#8221; text_text_color_tablet=&#8221;&#8221; text_text_color_phone=&#8221;&#8221; text_text_color_last_edited=&#8221;on|phone&#8221; text_font_size_tablet=&#8221;1.5em&#8221; text_font_size_phone=&#8221;1.2em&#8221; [&hellip;]<\/p>\n","protected":false},"author":1,"featured_media":0,"parent":0,"menu_order":0,"comment_status":"closed","ping_status":"closed","template":"","meta":{"_et_pb_use_builder":"on","_et_pb_old_content":"","_et_gb_content_width":"","footnotes":""},"class_list":["post-164","page","type-page","status-publish","hentry"],"_links":{"self":[{"href":"https:\/\/institutobotiexikrin.org\/xk\/wp-json\/wp\/v2\/pages\/164","targetHints":{"allow":["GET"]}}],"collection":[{"href":"https:\/\/institutobotiexikrin.org\/xk\/wp-json\/wp\/v2\/pages"}],"about":[{"href":"https:\/\/institutobotiexikrin.org\/xk\/wp-json\/wp\/v2\/types\/page"}],"author":[{"embeddable":true,"href":"https:\/\/institutobotiexikrin.org\/xk\/wp-json\/wp\/v2\/users\/1"}],"replies":[{"embeddable":true,"href":"https:\/\/institutobotiexikrin.org\/xk\/wp-json\/wp\/v2\/comments?post=164"}],"version-history":[{"count":16,"href":"https:\/\/institutobotiexikrin.org\/xk\/wp-json\/wp\/v2\/pages\/164\/revisions"}],"predecessor-version":[{"id":2123,"href":"https:\/\/institutobotiexikrin.org\/xk\/wp-json\/wp\/v2\/pages\/164\/revisions\/2123"}],"wp:attachment":[{"href":"https:\/\/institutobotiexikrin.org\/xk\/wp-json\/wp\/v2\/media?parent=164"}],"curies":[{"name":"wp","href":"https:\/\/api.w.org\/{rel}","templated":true}]}}