{"id":162,"date":"2020-10-02T18:27:13","date_gmt":"2020-10-02T21:27:13","guid":{"rendered":"https:\/\/institutobotiexikrin.org\/\/?page_id=162"},"modified":"2020-11-26T10:46:48","modified_gmt":"2020-11-26T13:46:48","slug":"jogos-indigenas","status":"publish","type":"page","link":"https:\/\/institutobotiexikrin.org\/xk\/jogos-indigenas\/","title":{"rendered":"Jogos Ind\u00edgenas"},"content":{"rendered":"<p>[et_pb_section fb_built=&#8221;1&#8243; _builder_version=&#8221;4.6.1&#8243; _module_preset=&#8221;default&#8221; background_image=&#8221;https:\/\/institutobotiexikrin.org\/\/wp-content\/uploads\/2020\/10\/jogos-indigenas.jpg&#8221; min_height=&#8221;750px&#8221; hover_enabled=&#8221;0&#8243; custom_css_main_element=&#8221;display: flex;||justify-content: center;||align-items: center;&#8221; background_color=&#8221;rgba(0,0,0,0.5)&#8221; background_blend=&#8221;overlay&#8221; sticky_enabled=&#8221;0&#8243;][et_pb_row _builder_version=&#8221;4.6.1&#8243; _module_preset=&#8221;default&#8221; custom_margin=&#8221;359px|auto||auto||&#8221;][et_pb_column type=&#8221;4_4&#8243; _builder_version=&#8221;4.6.1&#8243; _module_preset=&#8221;default&#8221;][et_pb_text _builder_version=&#8221;4.6.1&#8243; _module_preset=&#8221;default&#8221; text_font=&#8221;Raleway||||||||&#8221; text_text_color=&#8221;#ffffff&#8221; text_font_size=&#8221;5em&#8221; text_line_height=&#8221;1.2em&#8221; hover_enabled=&#8221;0&#8243; text_font_size_tablet=&#8221;4em&#8221; text_font_size_phone=&#8221;3.2em&#8221; text_font_size_last_edited=&#8221;on|phone&#8221; locked=&#8221;off&#8221; sticky_enabled=&#8221;0&#8243;]<\/p>\n<p>JOGOS<br \/> IND\u00cdGENAS<\/p>\n<p>[\/et_pb_text][et_pb_divider color=&#8221;#ffffff&#8221; divider_position=&#8221;center&#8221; divider_weight=&#8221;5px&#8221; _builder_version=&#8221;4.6.1&#8243; _module_preset=&#8221;default&#8221; width=&#8221;250px&#8221; module_alignment=&#8221;left&#8221; locked=&#8221;off&#8221;][\/et_pb_divider][\/et_pb_column][\/et_pb_row][\/et_pb_section][et_pb_section fb_built=&#8221;1&#8243; _builder_version=&#8221;4.6.1&#8243; _module_preset=&#8221;default&#8221; background_color=&#8221;#ddc79c&#8221;][et_pb_row _builder_version=&#8221;4.6.1&#8243; _module_preset=&#8221;default&#8221; custom_padding=&#8221;0px||0px|||&#8221;][et_pb_column type=&#8221;4_4&#8243; _builder_version=&#8221;4.6.1&#8243; _module_preset=&#8221;default&#8221;][et_pb_text _builder_version=&#8221;4.6.1&#8243; _module_preset=&#8221;default&#8221; text_font=&#8221;Open Sans||||||||&#8221; text_text_color=&#8221;#000000&#8243; text_font_size=&#8221;1.2em&#8221; text_line_height=&#8221;1.8em&#8221;]<\/p>\n<p>A programa\u00e7\u00e3o da III Edi\u00e7\u00e3o dos Jogos Tradicionais Ind\u00edgenas Xikrin, ocorreu na aldeia \u00d4\u00f4dj\u00e3 com abertura no dia 20 de julho do 2019, contou com a participa\u00e7\u00e3o de dezesseis equipes de atletas de cinco aldeias da regi\u00e3o se apresentaram com manifesta\u00e7\u00e3o cultural, cores, dan\u00e7as, cantos e garra. Foram seis dias de atividades esportivas, dan\u00e7as, pinturas. O evento contou com a presen\u00e7a de autoridades e lideran\u00e7as ind\u00edgenas, e um p\u00fablico de mais de 1.700 pessoas, 600 atletas, entre mulheres e homens, disputaram nas modalidades de cabo de guerra, futebol, corrida de 100 e 5 mil metros, arco e flecha, arremesso de lan\u00e7a, entre outros.<\/p>\n<p>Na noite do dia 26, as equipes se reuniram na arena da aldeia para a cerim\u00f4nia de entrega das medalhas e trof\u00e9us para atletas e times vencedores nas modalidades de arco e flecha, cabo de guerra, futebol feminino e masculino. Os Atletas e times vencedores em 2019 foram, Futebol Masculino \u2013 Time Krimeityk, aldeia Katet\u00e9 , Futebol Feminino \u2013 Time: Kam Krokrok, aldeia Katet\u00e9, Melhor atleta \u2013 4 gols \u2013 Greinhi, Concurso de beleza \u2013 Painpri, aldeia Katet\u00e9, Corrida Feminina \u2013 5 mil metros\/ Yapore, aldeia Kayap\u00f3, Corrida Masculina \u2013 5 mil metros\/Bep \u2013 Kanara, aldeia Dju Djeko, Cabo de guerra \u2013 K\u00eanhoro, aldeia Dju Djeko, Arco e fecha \u2013 Jacson, aldeia Katet\u00e9, Arremesso de lan\u00e7a \u2013 Katapt, aldeia Katet\u00e9.<\/p>\n<p>[\/et_pb_text][\/et_pb_column][\/et_pb_row][\/et_pb_section][et_pb_section fb_built=&#8221;1&#8243; _builder_version=&#8221;4.6.1&#8243; _module_preset=&#8221;default&#8221; background_color=&#8221;#ffffff&#8221; background_enable_image=&#8221;off&#8221; width=&#8221;100%&#8221; max_width=&#8221;100%&#8221; custom_padding=&#8221;0px||0px||false|false&#8221;][et_pb_row column_structure=&#8221;1_2,1_2&#8243; use_custom_gutter=&#8221;on&#8221; gutter_width=&#8221;1&#8243; _builder_version=&#8221;4.6.1&#8243; _module_preset=&#8221;default&#8221; width=&#8221;100%&#8221; max_width=&#8221;100%&#8221; custom_padding=&#8221;0px||0px|||&#8221;][et_pb_column type=&#8221;1_2&#8243; _builder_version=&#8221;4.6.1&#8243; _module_preset=&#8221;default&#8221;][et_pb_image src=&#8221;https:\/\/institutobotiexikrin.org\/\/wp-content\/uploads\/2020\/10\/9b.jpeg&#8221; title_text=&#8221;9b&#8221; _builder_version=&#8221;4.6.1&#8243; _module_preset=&#8221;default&#8221;][\/et_pb_image][\/et_pb_column][et_pb_column type=&#8221;1_2&#8243; _builder_version=&#8221;4.6.1&#8243; _module_preset=&#8221;default&#8221;][et_pb_image src=&#8221;https:\/\/institutobotiexikrin.org\/\/wp-content\/uploads\/2020\/10\/9c.jpeg&#8221; title_text=&#8221;9c&#8221; _builder_version=&#8221;4.6.1&#8243; _module_preset=&#8221;default&#8221;][\/et_pb_image][\/et_pb_column][\/et_pb_row][\/et_pb_section][et_pb_section fb_built=&#8221;1&#8243; _builder_version=&#8221;4.6.1&#8243; _module_preset=&#8221;default&#8221; background_color=&#8221;#ddc79c&#8221;][et_pb_row _builder_version=&#8221;4.6.1&#8243; _module_preset=&#8221;default&#8221; custom_padding=&#8221;0px||0px|||&#8221;][et_pb_column type=&#8221;4_4&#8243; _builder_version=&#8221;4.6.1&#8243; _module_preset=&#8221;default&#8221;][et_pb_text _builder_version=&#8221;4.6.1&#8243; _module_preset=&#8221;default&#8221; text_font=&#8221;Open Sans||||||||&#8221; text_text_color=&#8221;#000000&#8243; text_font_size=&#8221;1.2em&#8221; text_line_height=&#8221;1.8em&#8221;]<\/p>\n<p>A programa\u00e7\u00e3o dos jogos ind\u00edgenas encerrou com a passagem da tocha feita pelo cacique BEP TUM XIKRIN para o cacique BEP KROKROTI da aldeia DjuDjeko.<\/p>\n<p>Os Jogos dos Povos Ind\u00edgenas s\u00e3o considerados um dos maiores encontros esportivos culturais e tradicionais de ind\u00edgenas da Am\u00e9rica. Com o objetivo central de promover o esporte s\u00f3cio-educacional como identidade das culturas a, voltado \u00e0 promo\u00e7\u00e3o da cidadania ind\u00edgena, \u00e0 integra\u00e7\u00e3o e aos valores originais. A diversidade cultural dos povos ind\u00edgenas brasileiros \u00e9 hoje representada por cerca de 230 etnias que vivem em suas terras originais e que ainda mant\u00eam vivas aproximadamente 180 l\u00ednguas. S\u00e3o povos diferentes entre si, cada uma com sua identidade cultural, manifesta\u00e7\u00f5es, usos, tradi\u00e7\u00f5es, costumes, habilidades tecnol\u00f3gicas, organiza\u00e7\u00e3o social, ritos, cren\u00e7as, filosofias, espiritualidades e seus esportes tradicionais peculiares.<\/p>\n<p>[\/et_pb_text][\/et_pb_column][\/et_pb_row][\/et_pb_section]<\/p>\n","protected":false},"excerpt":{"rendered":"<p>[et_pb_section fb_built=&#8221;1&#8243; _builder_version=&#8221;4.6.1&#8243; _module_preset=&#8221;default&#8221; background_image=&#8221;https:\/\/institutobotiexikrin.org\/\/wp-content\/uploads\/2020\/10\/jogos-indigenas.jpg&#8221; min_height=&#8221;750px&#8221; hover_enabled=&#8221;0&#8243; custom_css_main_element=&#8221;display: flex;||justify-content: center;||align-items: center;&#8221; background_color=&#8221;rgba(0,0,0,0.5)&#8221; background_blend=&#8221;overlay&#8221; sticky_enabled=&#8221;0&#8243;][et_pb_row _builder_version=&#8221;4.6.1&#8243; _module_preset=&#8221;default&#8221; custom_margin=&#8221;359px|auto||auto||&#8221;][et_pb_column type=&#8221;4_4&#8243; _builder_version=&#8221;4.6.1&#8243; _module_preset=&#8221;default&#8221;][et_pb_text _builder_version=&#8221;4.6.1&#8243; _module_preset=&#8221;default&#8221; text_font=&#8221;Raleway||||||||&#8221; text_text_color=&#8221;#ffffff&#8221; text_font_size=&#8221;5em&#8221; text_line_height=&#8221;1.2em&#8221; hover_enabled=&#8221;0&#8243; text_font_size_tablet=&#8221;4em&#8221; text_font_size_phone=&#8221;3.2em&#8221; text_font_size_last_edited=&#8221;on|phone&#8221; locked=&#8221;off&#8221; sticky_enabled=&#8221;0&#8243;] JOGOS IND\u00cdGENAS [\/et_pb_text][et_pb_divider color=&#8221;#ffffff&#8221; divider_position=&#8221;center&#8221; divider_weight=&#8221;5px&#8221; _builder_version=&#8221;4.6.1&#8243; _module_preset=&#8221;default&#8221; width=&#8221;250px&#8221; module_alignment=&#8221;left&#8221; locked=&#8221;off&#8221;][\/et_pb_divider][\/et_pb_column][\/et_pb_row][\/et_pb_section][et_pb_section fb_built=&#8221;1&#8243; _builder_version=&#8221;4.6.1&#8243; _module_preset=&#8221;default&#8221; background_color=&#8221;#ddc79c&#8221;][et_pb_row _builder_version=&#8221;4.6.1&#8243; _module_preset=&#8221;default&#8221; custom_padding=&#8221;0px||0px|||&#8221;][et_pb_column type=&#8221;4_4&#8243; _builder_version=&#8221;4.6.1&#8243; _module_preset=&#8221;default&#8221;][et_pb_text _builder_version=&#8221;4.6.1&#8243; _module_preset=&#8221;default&#8221; [&hellip;]<\/p>\n","protected":false},"author":1,"featured_media":0,"parent":0,"menu_order":0,"comment_status":"closed","ping_status":"closed","template":"","meta":{"_et_pb_use_builder":"on","_et_pb_old_content":"<!-- wp:divi\/placeholder \/-->","_et_gb_content_width":"","footnotes":""},"class_list":["post-162","page","type-page","status-publish","hentry"],"_links":{"self":[{"href":"https:\/\/institutobotiexikrin.org\/xk\/wp-json\/wp\/v2\/pages\/162","targetHints":{"allow":["GET"]}}],"collection":[{"href":"https:\/\/institutobotiexikrin.org\/xk\/wp-json\/wp\/v2\/pages"}],"about":[{"href":"https:\/\/institutobotiexikrin.org\/xk\/wp-json\/wp\/v2\/types\/page"}],"author":[{"embeddable":true,"href":"https:\/\/institutobotiexikrin.org\/xk\/wp-json\/wp\/v2\/users\/1"}],"replies":[{"embeddable":true,"href":"https:\/\/institutobotiexikrin.org\/xk\/wp-json\/wp\/v2\/comments?post=162"}],"version-history":[{"count":15,"href":"https:\/\/institutobotiexikrin.org\/xk\/wp-json\/wp\/v2\/pages\/162\/revisions"}],"predecessor-version":[{"id":2117,"href":"https:\/\/institutobotiexikrin.org\/xk\/wp-json\/wp\/v2\/pages\/162\/revisions\/2117"}],"wp:attachment":[{"href":"https:\/\/institutobotiexikrin.org\/xk\/wp-json\/wp\/v2\/media?parent=162"}],"curies":[{"name":"wp","href":"https:\/\/api.w.org\/{rel}","templated":true}]}}