{"id":154,"date":"2020-10-02T18:25:37","date_gmt":"2020-10-02T21:25:37","guid":{"rendered":"https:\/\/institutobotiexikrin.org\/\/?page_id=154"},"modified":"2020-11-25T22:20:39","modified_gmt":"2020-11-26T01:20:39","slug":"aldeia-oodja","status":"publish","type":"page","link":"https:\/\/institutobotiexikrin.org\/xk\/aldeia-oodja\/","title":{"rendered":"Aldeia \u00d4\u00f4dj\u00e3"},"content":{"rendered":"<p>[et_pb_section fb_built=&#8221;1&#8243; _builder_version=&#8221;4.6.1&#8243; _module_preset=&#8221;default&#8221; background_image=&#8221;https:\/\/institutobotiexikrin.org\/\/wp-content\/uploads\/2020\/10\/raizes-minified.jpg&#8221;][et_pb_row _builder_version=&#8221;4.6.1&#8243; _module_preset=&#8221;default&#8221; background_color=&#8221;rgba(0,0,0,0.76)&#8221; width=&#8221;100%&#8221; max_width=&#8221;100%&#8221; custom_padding=&#8221;||||false|false&#8221;][et_pb_column type=&#8221;4_4&#8243; _builder_version=&#8221;4.6.1&#8243; _module_preset=&#8221;default&#8221;][et_pb_text content_last_edited=&#8221;off|desktop&#8221; _builder_version=&#8221;4.6.1&#8243; _module_preset=&#8221;default&#8221; text_font=&#8221;Raleway|800||on|||||&#8221; text_text_color=&#8221;#ddc79c&#8221; text_font_size=&#8221;3em&#8221; text_letter_spacing=&#8221;2px&#8221; text_line_height=&#8221;1.2em&#8221; background_color=&#8221;rgba(0,0,0,0.5)&#8221; text_orientation=&#8221;center&#8221; width=&#8221;100%&#8221; max_width=&#8221;100%&#8221; module_alignment=&#8221;center&#8221; min_height=&#8221;191px&#8221; custom_margin=&#8221;||||false|false&#8221; hover_enabled=&#8221;0&#8243; text_line_height_phone=&#8221;1.3em&#8221; text_line_height_last_edited=&#8221;off|desktop&#8221; custom_css_main_element=&#8221;display: flex;||flex-direction: column;||align-items: center;||justify-content: center;&#8221; sticky_enabled=&#8221;0&#8243;]<\/p>\n<p style=\"padding: 15px;\">ALDEIA \u00d4\u00d4DJ\u00c3<\/p>\n<p><img loading=\"lazy\" decoding=\"async\" src=\"https:\/\/institutobotiexikrin.org\/\/wp-content\/uploads\/2020\/10\/arrow-1.png\" width=\"107\" height=\"17\" alt=\"\" class=\"wp-image-1301 alignnone size-full\" \/><\/p>\n<p>[\/et_pb_text][\/et_pb_column][\/et_pb_row][et_pb_row _builder_version=&#8221;4.6.1&#8243; _module_preset=&#8221;default&#8221;][et_pb_column type=&#8221;4_4&#8243; _builder_version=&#8221;4.6.1&#8243; _module_preset=&#8221;default&#8221;][et_pb_text _builder_version=&#8221;4.6.1&#8243; _module_preset=&#8221;default&#8221; text_font=&#8221;Raleway|700|||||||&#8221; text_text_color=&#8221;#ddc79c&#8221; text_font_size=&#8221;2em&#8221; text_line_height=&#8221;1.5em&#8221; background_color=&#8221;rgba(0,0,0,0.88)&#8221; text_orientation=&#8221;center&#8221; custom_padding=&#8221;5%|5%|5%|5%|false|false&#8221;]<\/p>\n<p>Cacique Bep Tum<\/p>\n<p>[\/et_pb_text][et_pb_image src=&#8221;https:\/\/institutobotiexikrin.org\/\/wp-content\/uploads\/2020\/10\/cacique-odja-1-tratada.png&#8221; title_text=&#8221;cacique-odja-1-tratada&#8221; align=&#8221;center&#8221; _builder_version=&#8221;4.6.1&#8243; _module_preset=&#8221;default&#8221;][\/et_pb_image][\/et_pb_column][\/et_pb_row][\/et_pb_section]<\/p>\n","protected":false},"excerpt":{"rendered":"<p>[et_pb_section fb_built=&#8221;1&#8243; _builder_version=&#8221;4.6.1&#8243; _module_preset=&#8221;default&#8221; background_image=&#8221;https:\/\/institutobotiexikrin.org\/\/wp-content\/uploads\/2020\/10\/raizes-minified.jpg&#8221;][et_pb_row _builder_version=&#8221;4.6.1&#8243; _module_preset=&#8221;default&#8221; background_color=&#8221;rgba(0,0,0,0.76)&#8221; width=&#8221;100%&#8221; max_width=&#8221;100%&#8221; custom_padding=&#8221;||||false|false&#8221;][et_pb_column type=&#8221;4_4&#8243; _builder_version=&#8221;4.6.1&#8243; _module_preset=&#8221;default&#8221;][et_pb_text content_last_edited=&#8221;off|desktop&#8221; _builder_version=&#8221;4.6.1&#8243; _module_preset=&#8221;default&#8221; text_font=&#8221;Raleway|800||on|||||&#8221; text_text_color=&#8221;#ddc79c&#8221; text_font_size=&#8221;3em&#8221; text_letter_spacing=&#8221;2px&#8221; text_line_height=&#8221;1.2em&#8221; background_color=&#8221;rgba(0,0,0,0.5)&#8221; text_orientation=&#8221;center&#8221; width=&#8221;100%&#8221; max_width=&#8221;100%&#8221; module_alignment=&#8221;center&#8221; min_height=&#8221;191px&#8221; custom_margin=&#8221;||||false|false&#8221; hover_enabled=&#8221;0&#8243; text_line_height_phone=&#8221;1.3em&#8221; text_line_height_last_edited=&#8221;off|desktop&#8221; custom_css_main_element=&#8221;display: flex;||flex-direction: column;||align-items: center;||justify-content: center;&#8221; sticky_enabled=&#8221;0&#8243;] ALDEIA \u00d4\u00d4DJ\u00c3 [\/et_pb_text][\/et_pb_column][\/et_pb_row][et_pb_row _builder_version=&#8221;4.6.1&#8243; _module_preset=&#8221;default&#8221;][et_pb_column type=&#8221;4_4&#8243; _builder_version=&#8221;4.6.1&#8243; _module_preset=&#8221;default&#8221;][et_pb_text _builder_version=&#8221;4.6.1&#8243; _module_preset=&#8221;default&#8221; text_font=&#8221;Raleway|700|||||||&#8221; text_text_color=&#8221;#ddc79c&#8221; text_font_size=&#8221;2em&#8221; text_line_height=&#8221;1.5em&#8221; background_color=&#8221;rgba(0,0,0,0.88)&#8221; text_orientation=&#8221;center&#8221; custom_padding=&#8221;5%|5%|5%|5%|false|false&#8221;] [&hellip;]<\/p>\n","protected":false},"author":1,"featured_media":0,"parent":0,"menu_order":0,"comment_status":"closed","ping_status":"closed","template":"","meta":{"_et_pb_use_builder":"on","_et_pb_old_content":"<!-- wp:divi\/placeholder \/-->","_et_gb_content_width":"","footnotes":""},"class_list":["post-154","page","type-page","status-publish","hentry"],"_links":{"self":[{"href":"https:\/\/institutobotiexikrin.org\/xk\/wp-json\/wp\/v2\/pages\/154","targetHints":{"allow":["GET"]}}],"collection":[{"href":"https:\/\/institutobotiexikrin.org\/xk\/wp-json\/wp\/v2\/pages"}],"about":[{"href":"https:\/\/institutobotiexikrin.org\/xk\/wp-json\/wp\/v2\/types\/page"}],"author":[{"embeddable":true,"href":"https:\/\/institutobotiexikrin.org\/xk\/wp-json\/wp\/v2\/users\/1"}],"replies":[{"embeddable":true,"href":"https:\/\/institutobotiexikrin.org\/xk\/wp-json\/wp\/v2\/comments?post=154"}],"version-history":[{"count":11,"href":"https:\/\/institutobotiexikrin.org\/xk\/wp-json\/wp\/v2\/pages\/154\/revisions"}],"predecessor-version":[{"id":2189,"href":"https:\/\/institutobotiexikrin.org\/xk\/wp-json\/wp\/v2\/pages\/154\/revisions\/2189"}],"wp:attachment":[{"href":"https:\/\/institutobotiexikrin.org\/xk\/wp-json\/wp\/v2\/media?parent=154"}],"curies":[{"name":"wp","href":"https:\/\/api.w.org\/{rel}","templated":true}]}}