{"id":148,"date":"2020-10-02T18:23:58","date_gmt":"2020-10-02T21:23:58","guid":{"rendered":"https:\/\/institutobotiexikrin.org\/\/?page_id=148"},"modified":"2021-03-15T16:06:11","modified_gmt":"2021-03-15T19:06:11","slug":"aldeias","status":"publish","type":"page","link":"https:\/\/institutobotiexikrin.org\/xk\/aldeias\/","title":{"rendered":"Kri\u0303"},"content":{"rendered":"<p>[et_pb_section fb_built=&#8221;1&#8243; _builder_version=&#8221;4.6.1&#8243; _module_preset=&#8221;default&#8221; background_enable_color=&#8221;off&#8221; background_image=&#8221;https:\/\/institutobotiexikrin.org\/\/wp-content\/uploads\/2020\/10\/katete.jpg&#8221; background_size=&#8221;initial&#8221; background_position=&#8221;center_right&#8221; min_height=&#8221;750px&#8221;][et_pb_row _builder_version=&#8221;4.6.1&#8243; _module_preset=&#8221;default&#8221;][et_pb_column type=&#8221;4_4&#8243; _builder_version=&#8221;4.6.1&#8243; _module_preset=&#8221;default&#8221;][et_pb_text _builder_version=&#8221;4.6.1&#8243; _module_preset=&#8221;default&#8221; text_font=&#8221;Raleway||||||||&#8221; text_text_color=&#8221;#ffffff&#8221; text_font_size=&#8221;5em&#8221; text_line_height=&#8221;1.2em&#8221; text_font_size_tablet=&#8221;4em&#8221; text_font_size_phone=&#8221;3.2em&#8221; text_font_size_last_edited=&#8221;on|phone&#8221;]<\/p>\n<p>ALDEIAS<\/p>\n<p>[\/et_pb_text][et_pb_divider color=&#8221;#ffffff&#8221; divider_position=&#8221;center&#8221; divider_weight=&#8221;5px&#8221; _builder_version=&#8221;4.6.1&#8243; _module_preset=&#8221;default&#8221; width=&#8221;250px&#8221; module_alignment=&#8221;left&#8221;][\/et_pb_divider][et_pb_text _builder_version=&#8221;4.6.1&#8243; _module_preset=&#8221;default&#8221; text_font=&#8221;Open Sans||||||||&#8221; text_text_color=&#8221;#ffffff&#8221; text_font_size=&#8221;1.75em&#8221; text_line_height=&#8221;1.5em&#8221; background_color=&#8221;rgba(0,0,0,0.77)&#8221; custom_margin=&#8221;||||false|false&#8221; custom_padding=&#8221;20px|20px|20px|20px|false|false&#8221; hover_enabled=&#8221;0&#8243; sticky_enabled=&#8221;0&#8243;]<\/p>\n<p>Nossas casas est\u00e3o distribu\u00eddas, de forma circular, em cada uma de nossas cinco aldeias. Ao centro est\u00e1 localizado o espa\u00e7o de Governo que representa, por sua vez, o centro do mundo. \u00c9 ali que realizamos as nossas festas e rituais.<\/p>\n<p>[\/et_pb_text][\/et_pb_column][\/et_pb_row][et_pb_row column_structure=&#8221;1_2,1_2&#8243; _builder_version=&#8221;4.6.1&#8243; _module_preset=&#8221;default&#8221; hover_enabled=&#8221;0&#8243; sticky_enabled=&#8221;0&#8243; custom_css_main_element=&#8221;background-color: rgba(0,0,0,0.8);&#8221; custom_padding=&#8221;0px|0px|0px|0px|false|false&#8221;][et_pb_column type=&#8221;1_2&#8243; _builder_version=&#8221;4.6.1&#8243; _module_preset=&#8221;default&#8221;][et_pb_text _builder_version=&#8221;4.6.1&#8243; _module_preset=&#8221;default&#8221; text_text_color=&#8221;#ffffff&#8221; text_font_size=&#8221;4em&#8221; link_text_color=&#8221;#ffffff&#8221; custom_padding_tablet=&#8221;&#8221; custom_padding_phone=&#8221;25px|20px|25px|20px|false|false&#8221; custom_padding_last_edited=&#8221;on|phone&#8221; text_font_size_tablet=&#8221;&#8221; text_font_size_phone=&#8221;2em&#8221; text_font_size_last_edited=&#8221;on|desktop&#8221; hover_enabled=&#8221;0&#8243; sticky_enabled=&#8221;0&#8243; custom_padding=&#8221;35px|20px|35px|20px|false|false&#8221; background_enable_color=&#8221;off&#8221; content_last_edited=&#8221;on|tablet&#8221; content_phone=&#8221;<\/p>\n<p><img src=%22https:\/\/institutobotiexikrin.org\/wp-content\/uploads\/2020\/10\/arrow-1.png%22 alt=%22%22 class=%22wp-image-1301 alignnone size-full%22 width=%22134%22 height=%2221%22 style=%22max-width: 24%; padding-right: 5px%22 \/><a style=%22font-size: 0.8em%22 href=%22https:\/\/institutobotiexikrin.org\/aldeia-katete\/%22>KATET\u00c9<\/a><\/p>\n<p><img src=%22https:\/\/institutobotiexikrin.org\/wp-content\/uploads\/2020\/10\/arrow-1.png%22 alt=%22%22 class=%22wp-image-1301 alignnone size-full%22 width=%22134%22 height=%2221%22 style=%22max-width: 24%; padding-right: 5px%22 \/><a style=%22font-size: 0.8em%22 href=%22https:\/\/institutobotiexikrin.org\/aldeia-djudjeko\/%22>DJUDJ\u00caK\u00d4<\/a><\/p>\n<p><img src=%22https:\/\/institutobotiexikrin.org\/wp-content\/uploads\/2020\/10\/arrow-1.png%22 alt=%22%22 class=%22wp-image-1301 alignnone size-full%22 width=%22134%22 height=%2221%22 style=%22max-width: 24%; padding-right: 5px%22 \/><a style=%22font-size: 0.8em%22 href=%22https:\/\/institutobotiexikrin.org\/aldeia-oodja\/%22>\u00d4\u00d4DJ\u00c3<\/a><\/p>\n<p><img src=%22https:\/\/institutobotiexikrin.org\/wp-content\/uploads\/2020\/10\/arrow-1.png%22 alt=%22%22 class=%22wp-image-1301 alignnone size-full%22 width=%22134%22 height=%2221%22 style=%22max-width: 24%; padding-right: 5px%22 \/><a style=%22font-size: 0.8em%22 href=%22https:\/\/institutobotiexikrin.org\/aldeia-pokro\/%22>POKR\u00d3<\/a><\/p>\n<p><img src=%22https:\/\/institutobotiexikrin.org\/wp-content\/uploads\/2020\/10\/arrow-1.png%22 alt=%22%22 class=%22wp-image-1301 alignnone size-full%22 width=%22134%22 height=%2221%22 style=%22max-width: 24%; padding-right: 5px%22 \/><a style=%22font-size: 0.8em%22 href=%22https:\/\/institutobotiexikrin.org\/aldeia-krimei\/%22>KRIMEI<\/a><\/p>\n<p><img src=%22https:\/\/institutobotiexikrin.org\/wp-content\/uploads\/2020\/10\/arrow-1.png%22 alt=%22%22 class=%22wp-image-1301 alignnone size-full%22 width=%22134%22 height=%2221%22 style=%22max-width: 24%; padding-right: 5px;%22 \/><a style=%22font-size: 0.8em%22 href=%22https:\/\/institutobotiexikrin.org\/aldeia-kankrokrok\/%22>KANKROKROK<\/a><\/p>\n<p><img src=%22https:\/\/institutobotiexikrin.org\/wp-content\/uploads\/2020\/10\/arrow-1.png%22 alt=%22%22 class=%22wp-image-1301 alignnone size-full%22 width=%22134%22 height=%2221%22 style=%22max-width: 24%; padding-right: 5px;%22 \/><a style=%22font-size: 0.8em%22 href=%22https:\/\/institutobotiexikrin.org\/aldeia-katmetkore\/%22>KAMETKORE<\/a><\/p>\n<p><img src=%22https:\/\/institutobotiexikrin.org\/wp-content\/uploads\/2020\/10\/arrow-1.png%22 alt=%22%22 class=%22wp-image-1301 alignnone size-full%22 width=%22134%22 height=%2221%22 style=%22max-width: 24%; padding-right: 5px;%22 \/><a style=%22font-size: 0.8em%22 href=%22https:\/\/institutobotiexikrin.org\/aldeia-pratinhopyry\/%22>PRATINHOPYRY<\/a><\/p>\n<p><img src=%22https:\/\/institutobotiexikrin.org\/wp-content\/uploads\/2020\/10\/arrow-1.png%22 alt=%22%22 class=%22wp-image-1301 alignnone size-full%22 width=%22134%22 height=%2221%22 style=%22max-width: 24%; padding-right: 5px;%22 \/><a style=%22font-size: 0.8em%22 href=%22https:\/\/institutobotiexikrin.org\/aldeia-pykatiokrai\/%22>PYKATIOKR\u00c3I<\/a>&#8221; content_tablet=&#8221;<\/p>\n<p><img src=%22https:\/\/institutobotiexikrin.org\/wp-content\/uploads\/2020\/10\/arrow-1.png%22 alt=%22%22 class=%22wp-image-1301 alignnone size-full%22 width=%22134%22 height=%2221%22 style=%22max-width: 24%; padding-right: 5px%22 \/><a style=%22font-size: 0.8em%22 href=%22https:\/\/institutobotiexikrin.org\/aldeia-katete\/%22>KATET\u00c9<\/a><\/p>\n<p><img src=%22https:\/\/institutobotiexikrin.org\/wp-content\/uploads\/2020\/10\/arrow-1.png%22 alt=%22%22 class=%22wp-image-1301 alignnone size-full%22 width=%22134%22 height=%2221%22 style=%22max-width: 24%; padding-right: 5px%22 \/><a style=%22font-size: 0.8em%22 href=%22https:\/\/institutobotiexikrin.org\/aldeia-djudjeko\/%22>DJUDJ\u00caK\u00d4<\/a><\/p>\n<p><img src=%22https:\/\/institutobotiexikrin.org\/wp-content\/uploads\/2020\/10\/arrow-1.png%22 alt=%22%22 class=%22wp-image-1301 alignnone size-full%22 width=%22134%22 height=%2221%22 style=%22max-width: 24%; padding-right: 5px%22 \/><a style=%22font-size: 0.8em%22 href=%22https:\/\/institutobotiexikrin.org\/aldeia-oodja\/%22>\u00d4\u00d4DJ\u00c3<\/a><\/p>\n<p><img src=%22https:\/\/institutobotiexikrin.org\/wp-content\/uploads\/2020\/10\/arrow-1.png%22 alt=%22%22 class=%22wp-image-1301 alignnone size-full%22 width=%22134%22 height=%2221%22 style=%22max-width: 24%; padding-right: 5px%22 \/><a style=%22font-size: 0.8em%22 href=%22https:\/\/institutobotiexikrin.org\/aldeia-pokro\/%22>POKR\u00d3<\/a><\/p>\n<p><img src=%22https:\/\/institutobotiexikrin.org\/wp-content\/uploads\/2020\/10\/arrow-1.png%22 alt=%22%22 class=%22wp-image-1301 alignnone size-full%22 width=%22134%22 height=%2221%22 style=%22max-width: 24%; padding-right: 5px%22 \/><a style=%22font-size: 0.8em%22 href=%22https:\/\/institutobotiexikrin.org\/aldeia-krimei\/%22>KRIMEI<\/a><\/p>\n<p><img src=%22https:\/\/institutobotiexikrin.org\/wp-content\/uploads\/2020\/10\/arrow-1.png%22 alt=%22%22 class=%22wp-image-1301 alignnone size-full%22 width=%22134%22 height=%2221%22 style=%22max-width: 24%; padding-right: 5px;%22 \/><a style=%22font-size: 0.8em%22 href=%22https:\/\/institutobotiexikrin.org\/aldeia-kankrokrok\/%22>KANKROKROK<\/a><\/p>\n<p><img src=%22https:\/\/institutobotiexikrin.org\/wp-content\/uploads\/2020\/10\/arrow-1.png%22 alt=%22%22 class=%22wp-image-1301 alignnone size-full%22 width=%22134%22 height=%2221%22 style=%22max-width: 24%; padding-right: 5px;%22 \/><a style=%22font-size: 0.8em%22 href=%22https:\/\/institutobotiexikrin.org\/aldeia-katmetkore\/%22>KAMETKORE<\/a><\/p>\n<p><img src=%22https:\/\/institutobotiexikrin.org\/wp-content\/uploads\/2020\/10\/arrow-1.png%22 alt=%22%22 class=%22wp-image-1301 alignnone size-full%22 width=%22134%22 height=%2221%22 style=%22max-width: 24%; padding-right: 5px;%22 \/><a style=%22font-size: 0.8em%22 href=%22https:\/\/institutobotiexikrin.org\/aldeia-pratinhopyry\/%22>PRATINHOPYRY<\/a><\/p>\n<p><img src=%22https:\/\/institutobotiexikrin.org\/wp-content\/uploads\/2020\/10\/arrow-1.png%22 alt=%22%22 class=%22wp-image-1301 alignnone size-full%22 width=%22134%22 height=%2221%22 style=%22max-width: 24%; padding-right: 5px;%22 \/><a style=%22font-size: 0.8em%22 href=%22https:\/\/institutobotiexikrin.org\/aldeia-pykatiokrai\/%22>PYKATIOKR\u00c3I<\/a>&#8220;]<\/p>\n<p><img loading=\"lazy\" decoding=\"async\" src=\"https:\/\/institutobotiexikrin.org\/wp-content\/uploads\/2020\/10\/arrow-1.png\" alt=\"\" class=\"wp-image-1301 alignnone size-full\" width=\"134\" height=\"21\" style=\"max-width: 35%; padding-right: 5px\" \/><a style=\"font-size: 0.8em\" href=\"https:\/\/institutobotiexikrin.org\/aldeia-katete\/\">KATET\u00c9<\/a><\/p>\n<p><img loading=\"lazy\" decoding=\"async\" src=\"https:\/\/institutobotiexikrin.org\/wp-content\/uploads\/2020\/10\/arrow-1.png\" alt=\"\" class=\"wp-image-1301 alignnone size-full\" width=\"134\" height=\"21\" style=\"max-width: 35%; padding-right: 5px\" \/><a style=\"font-size: 0.8em\" href=\"https:\/\/institutobotiexikrin.org\/aldeia-djudjeko\/\">DJUDJ\u00caK\u00d4<\/a><\/p>\n<p><img loading=\"lazy\" decoding=\"async\" src=\"https:\/\/institutobotiexikrin.org\/wp-content\/uploads\/2020\/10\/arrow-1.png\" alt=\"\" class=\"wp-image-1301 alignnone size-full\" width=\"134\" height=\"21\" style=\"max-width: 35%; padding-right: 5px\" \/><a style=\"font-size: 0.8em\" href=\"https:\/\/institutobotiexikrin.org\/aldeia-oodja\/\">\u00d4\u00d4DJ\u00c3<\/a><\/p>\n<p><img loading=\"lazy\" decoding=\"async\" src=\"https:\/\/institutobotiexikrin.org\/wp-content\/uploads\/2020\/10\/arrow-1.png\" alt=\"\" class=\"wp-image-1301 alignnone size-full\" width=\"134\" height=\"21\" style=\"max-width: 35%; padding-right: 5px\" \/><a style=\"font-size: 0.8em\" href=\"https:\/\/institutobotiexikrin.org\/aldeia-pokro\/\">POKR\u00d3<\/a><\/p>\n<p><img loading=\"lazy\" decoding=\"async\" src=\"https:\/\/institutobotiexikrin.org\/wp-content\/uploads\/2020\/10\/arrow-1.png\" alt=\"\" class=\"wp-image-1301 alignnone size-full\" width=\"134\" height=\"21\" style=\"max-width: 35%; padding-right: 5px\" \/><a style=\"font-size: 0.8em\" href=\"https:\/\/institutobotiexikrin.org\/aldeia-krimei\/\">KRIMEI<\/a><\/p>\n<p>[\/et_pb_text][\/et_pb_column][et_pb_column type=&#8221;1_2&#8243; _builder_version=&#8221;4.6.1&#8243; _module_preset=&#8221;default&#8221;][et_pb_text _builder_version=&#8221;4.6.1&#8243; _module_preset=&#8221;default&#8221; text_text_color=&#8221;#ffffff&#8221; text_font_size=&#8221;4em&#8221; link_text_color=&#8221;#ffffff&#8221; custom_padding_tablet=&#8221;&#8221; custom_padding_phone=&#8221;24px|20px|25px|20px|false|false&#8221; custom_padding_last_edited=&#8221;on|desktop&#8221; hover_enabled=&#8221;0&#8243; text_font_size_tablet=&#8221;&#8221; text_font_size_phone=&#8221;2em&#8221; text_font_size_last_edited=&#8221;on|desktop&#8221; sticky_enabled=&#8221;0&#8243; custom_padding=&#8221;35px|20px|35px|20px|false|false&#8221; background_enable_color=&#8221;off&#8221; content_last_edited=&#8221;on|phone&#8221; content_phone=&#8221;<img src=%22https:\/\/institutobotiexikrin.org\/wp-content\/uploads\/2020\/10\/arrow-1.png%22 alt=%22%22 class=%22wp-image-1301 alignnone size-full%22 width=%22134%22 height=%2221%22 style=%22max-width: 24%; padding-right: 5px;%22 \/><a style=%22font-size: 0.8em%22 href=%22https:\/\/institutobotiexikrin.org\/aldeia-kankrokrok\/%22>KANKROKROK<\/a><\/p>\n<p><img src=%22https:\/\/institutobotiexikrin.org\/wp-content\/uploads\/2020\/10\/arrow-1.png%22 alt=%22%22 class=%22wp-image-1301 alignnone size-full%22 width=%22134%22 height=%2221%22 style=%22max-width: 24%; padding-right: 5px;%22 \/><a style=%22font-size: 0.8em%22 href=%22https:\/\/institutobotiexikrin.org\/aldeia-katmetkore\/%22>KAMETKORE<\/a><\/p>\n<p><img src=%22https:\/\/institutobotiexikrin.org\/wp-content\/uploads\/2020\/10\/arrow-1.png%22 alt=%22%22 class=%22wp-image-1301 alignnone size-full%22 width=%22134%22 height=%2221%22 style=%22max-width: 24%; padding-right: 5px;%22 \/><a style=%22font-size: 0.8em%22 href=%22https:\/\/institutobotiexikrin.org\/aldeia-pratinhopyry\/%22>PRATINHOPYRY<\/a><\/p>\n<p><img src=%22https:\/\/institutobotiexikrin.org\/wp-content\/uploads\/2020\/10\/arrow-1.png%22 alt=%22%22 class=%22wp-image-1301 alignnone size-full%22 width=%22134%22 height=%2221%22 style=%22max-width: 24%; padding-right: 5px;%22 \/><a style=%22font-size: 0.8em%22 href=%22https:\/\/institutobotiexikrin.org\/aldeia-pykatiokrai\/%22>PYKATIOKR\u00c3I<\/a>&#8221; disabled_on=&#8221;on|on|off&#8221;]<img loading=\"lazy\" decoding=\"async\" src=\"https:\/\/institutobotiexikrin.org\/wp-content\/uploads\/2020\/10\/arrow-1.png\" alt=\"\" class=\"wp-image-1301 alignnone size-full\" width=\"134\" height=\"21\" style=\"max-width: 35%; padding-right: 5px;\" \/><a style=\"font-size: 0.8em\" href=\"https:\/\/institutobotiexikrin.org\/aldeia-kankrokrok\/\">KANKROKROK<\/a><\/p>\n<p><img loading=\"lazy\" decoding=\"async\" src=\"https:\/\/institutobotiexikrin.org\/wp-content\/uploads\/2020\/10\/arrow-1.png\" alt=\"\" class=\"wp-image-1301 alignnone size-full\" width=\"134\" height=\"21\" style=\"max-width: 35%; padding-right: 5px;\" \/><a style=\"font-size: 0.8em\" href=\"https:\/\/institutobotiexikrin.org\/aldeia-katmetkore\/\">KAMETKORE<\/a><\/p>\n<p><img loading=\"lazy\" decoding=\"async\" src=\"https:\/\/institutobotiexikrin.org\/wp-content\/uploads\/2020\/10\/arrow-1.png\" alt=\"\" class=\"wp-image-1301 alignnone size-full\" width=\"134\" height=\"21\" style=\"max-width: 35%; padding-right: 5px;\" \/><a style=\"font-size: 0.8em\" href=\"https:\/\/institutobotiexikrin.org\/aldeia-pratinhopyry\/\">PRATINHOPYRY<\/a><\/p>\n<p><img loading=\"lazy\" decoding=\"async\" src=\"https:\/\/institutobotiexikrin.org\/wp-content\/uploads\/2020\/10\/arrow-1.png\" alt=\"\" class=\"wp-image-1301 alignnone size-full\" width=\"134\" height=\"21\" style=\"max-width: 35%; padding-right: 5px;\" \/><a style=\"font-size: 0.8em\" href=\"https:\/\/institutobotiexikrin.org\/aldeia-pykatiokrai\/\">PYKATIOKR\u00c3I<\/a>[\/et_pb_text][\/et_pb_column][\/et_pb_row][\/et_pb_section]<\/p>\n","protected":false},"excerpt":{"rendered":"<p>[et_pb_section fb_built=&#8221;1&#8243; _builder_version=&#8221;4.6.1&#8243; _module_preset=&#8221;default&#8221; background_enable_color=&#8221;off&#8221; background_image=&#8221;https:\/\/institutobotiexikrin.org\/\/wp-content\/uploads\/2020\/10\/katete.jpg&#8221; background_size=&#8221;initial&#8221; background_position=&#8221;center_right&#8221; min_height=&#8221;750px&#8221;][et_pb_row _builder_version=&#8221;4.6.1&#8243; _module_preset=&#8221;default&#8221;][et_pb_column type=&#8221;4_4&#8243; _builder_version=&#8221;4.6.1&#8243; _module_preset=&#8221;default&#8221;][et_pb_text _builder_version=&#8221;4.6.1&#8243; _module_preset=&#8221;default&#8221; text_font=&#8221;Raleway||||||||&#8221; text_text_color=&#8221;#ffffff&#8221; text_font_size=&#8221;5em&#8221; text_line_height=&#8221;1.2em&#8221; text_font_size_tablet=&#8221;4em&#8221; text_font_size_phone=&#8221;3.2em&#8221; text_font_size_last_edited=&#8221;on|phone&#8221;] ALDEIAS [\/et_pb_text][et_pb_divider color=&#8221;#ffffff&#8221; divider_position=&#8221;center&#8221; divider_weight=&#8221;5px&#8221; _builder_version=&#8221;4.6.1&#8243; _module_preset=&#8221;default&#8221; width=&#8221;250px&#8221; module_alignment=&#8221;left&#8221;][\/et_pb_divider][et_pb_text _builder_version=&#8221;4.6.1&#8243; _module_preset=&#8221;default&#8221; text_font=&#8221;Open Sans||||||||&#8221; text_text_color=&#8221;#ffffff&#8221; text_font_size=&#8221;1.75em&#8221; text_line_height=&#8221;1.5em&#8221; background_color=&#8221;rgba(0,0,0,0.77)&#8221; custom_margin=&#8221;||||false|false&#8221; custom_padding=&#8221;20px|20px|20px|20px|false|false&#8221; hover_enabled=&#8221;0&#8243; sticky_enabled=&#8221;0&#8243;] Nossas casas est\u00e3o distribu\u00eddas, de forma circular, em cada uma de [&hellip;]<\/p>\n","protected":false},"author":1,"featured_media":0,"parent":0,"menu_order":0,"comment_status":"closed","ping_status":"closed","template":"","meta":{"_et_pb_use_builder":"on","_et_pb_old_content":"","_et_gb_content_width":"","footnotes":""},"class_list":["post-148","page","type-page","status-publish","hentry"],"_links":{"self":[{"href":"https:\/\/institutobotiexikrin.org\/xk\/wp-json\/wp\/v2\/pages\/148","targetHints":{"allow":["GET"]}}],"collection":[{"href":"https:\/\/institutobotiexikrin.org\/xk\/wp-json\/wp\/v2\/pages"}],"about":[{"href":"https:\/\/institutobotiexikrin.org\/xk\/wp-json\/wp\/v2\/types\/page"}],"author":[{"embeddable":true,"href":"https:\/\/institutobotiexikrin.org\/xk\/wp-json\/wp\/v2\/users\/1"}],"replies":[{"embeddable":true,"href":"https:\/\/institutobotiexikrin.org\/xk\/wp-json\/wp\/v2\/comments?post=148"}],"version-history":[{"count":67,"href":"https:\/\/institutobotiexikrin.org\/xk\/wp-json\/wp\/v2\/pages\/148\/revisions"}],"predecessor-version":[{"id":2225,"href":"https:\/\/institutobotiexikrin.org\/xk\/wp-json\/wp\/v2\/pages\/148\/revisions\/2225"}],"wp:attachment":[{"href":"https:\/\/institutobotiexikrin.org\/xk\/wp-json\/wp\/v2\/media?parent=148"}],"curies":[{"name":"wp","href":"https:\/\/api.w.org\/{rel}","templated":true}]}}