{"id":144,"date":"2020-10-02T18:23:24","date_gmt":"2020-10-02T21:23:24","guid":{"rendered":"https:\/\/institutobotiexikrin.org\/\/?page_id=144"},"modified":"2020-11-26T10:14:33","modified_gmt":"2020-11-26T13:14:33","slug":"nos-os-xikrin","status":"publish","type":"page","link":"https:\/\/institutobotiexikrin.org\/xk\/nos-os-xikrin\/","title":{"rendered":"N\u00f3s Os Xikrin"},"content":{"rendered":"<p>[et_pb_section fb_built=&#8221;1&#8243; _builder_version=&#8221;4.6.1&#8243; _module_preset=&#8221;default&#8221; background_color=&#8221;rgba(0,0,0,0.6)&#8221; background_image=&#8221;https:\/\/institutobotiexikrin.org\/\/wp-content\/uploads\/2020\/10\/nos-os-xikrin.jpg&#8221; background_position=&#8221;top_center&#8221; background_blend=&#8221;overlay&#8221; module_alignment=&#8221;center&#8221; min_height=&#8221;750px&#8221; min_height_last_edited=&#8221;off|desktop&#8221; background_last_edited=&#8221;on|phone&#8221; background_size_phone=&#8221;cover&#8221; background_position_tablet=&#8221;top_center&#8221; background_position_phone=&#8221;top_center&#8221;][et_pb_row _builder_version=&#8221;4.6.1&#8243; _module_preset=&#8221;default&#8221; locked=&#8221;off&#8221;][et_pb_column type=&#8221;4_4&#8243; _builder_version=&#8221;4.6.1&#8243; _module_preset=&#8221;default&#8221;][et_pb_text _builder_version=&#8221;4.6.1&#8243; _module_preset=&#8221;default&#8221; text_font=&#8221;Raleway||||||||&#8221; text_text_color=&#8221;#ffffff&#8221; text_font_size=&#8221;5em&#8221; text_line_height=&#8221;1.2em&#8221; hover_enabled=&#8221;0&#8243; text_font_size_tablet=&#8221;4em&#8221; text_font_size_phone=&#8221;3.2em&#8221; text_font_size_last_edited=&#8221;on|phone&#8221; sticky_enabled=&#8221;0&#8243;]<\/p>\n<p>N\u00d3S OS XIKRIN<\/p>\n<p>[\/et_pb_text][et_pb_divider color=&#8221;#ffffff&#8221; divider_position=&#8221;center&#8221; divider_weight=&#8221;5px&#8221; _builder_version=&#8221;4.6.1&#8243; _module_preset=&#8221;default&#8221; width=&#8221;250px&#8221; module_alignment=&#8221;left&#8221;][\/et_pb_divider][et_pb_text _builder_version=&#8221;4.6.1&#8243; _module_preset=&#8221;default&#8221; text_font=&#8221;Raleway||||||||&#8221; text_text_color=&#8221;#ffffff&#8221; text_font_size=&#8221;1.5em&#8221; text_line_height=&#8221;1.5em&#8221; text_text_color_tablet=&#8221;&#8221; text_text_color_phone=&#8221;&#8221; text_text_color_last_edited=&#8221;on|phone&#8221; text_font_size_tablet=&#8221;1.5em&#8221; text_font_size_phone=&#8221;1.2em&#8221; text_font_size_last_edited=&#8221;on|desktop&#8221; text_line_height_tablet=&#8221;&#8221; text_line_height_phone=&#8221;&#8221; text_line_height_last_edited=&#8221;on|phone&#8221;]<\/p>\n<p>Os Xikrin somos falantes da l\u00edngua meb\u00eang\u00f4kre, \u201cgente do buraco d\u00b4\u00e1gua\u201d ou \u201cgente da \u00e1gua grande\u201d que pertencente \u00e0 fam\u00edlia j\u00ea do tronco lingu\u00edstico Macro-J\u00ea. Moramos entre os rios Itacaiunas e Catete. Estamos compostos por cinco aldeias (Katet\u00e9, Djudj\u00eak\u00f4, \u00d4dj\u00e3, Pokr\u00f3 e Krimei). Todas as pessoas, os ind\u00edgenas das cinco aldeias, falamos a nossa l\u00edngua e temos nossas pr\u00e1ticas culturais Xikrin.<\/p>\n<p>[\/et_pb_text][\/et_pb_column][\/et_pb_row][\/et_pb_section]<\/p>\n","protected":false},"excerpt":{"rendered":"<p>[et_pb_section fb_built=&#8221;1&#8243; _builder_version=&#8221;4.6.1&#8243; _module_preset=&#8221;default&#8221; background_color=&#8221;rgba(0,0,0,0.6)&#8221; background_image=&#8221;https:\/\/institutobotiexikrin.org\/\/wp-content\/uploads\/2020\/10\/nos-os-xikrin.jpg&#8221; background_position=&#8221;top_center&#8221; background_blend=&#8221;overlay&#8221; module_alignment=&#8221;center&#8221; min_height=&#8221;750px&#8221; min_height_last_edited=&#8221;off|desktop&#8221; background_last_edited=&#8221;on|phone&#8221; background_size_phone=&#8221;cover&#8221; background_position_tablet=&#8221;top_center&#8221; background_position_phone=&#8221;top_center&#8221;][et_pb_row _builder_version=&#8221;4.6.1&#8243; _module_preset=&#8221;default&#8221; locked=&#8221;off&#8221;][et_pb_column type=&#8221;4_4&#8243; _builder_version=&#8221;4.6.1&#8243; _module_preset=&#8221;default&#8221;][et_pb_text _builder_version=&#8221;4.6.1&#8243; _module_preset=&#8221;default&#8221; text_font=&#8221;Raleway||||||||&#8221; text_text_color=&#8221;#ffffff&#8221; text_font_size=&#8221;5em&#8221; text_line_height=&#8221;1.2em&#8221; hover_enabled=&#8221;0&#8243; text_font_size_tablet=&#8221;4em&#8221; text_font_size_phone=&#8221;3.2em&#8221; text_font_size_last_edited=&#8221;on|phone&#8221; sticky_enabled=&#8221;0&#8243;] N\u00d3S OS XIKRIN [\/et_pb_text][et_pb_divider color=&#8221;#ffffff&#8221; divider_position=&#8221;center&#8221; divider_weight=&#8221;5px&#8221; _builder_version=&#8221;4.6.1&#8243; _module_preset=&#8221;default&#8221; width=&#8221;250px&#8221; module_alignment=&#8221;left&#8221;][\/et_pb_divider][et_pb_text _builder_version=&#8221;4.6.1&#8243; _module_preset=&#8221;default&#8221; text_font=&#8221;Raleway||||||||&#8221; text_text_color=&#8221;#ffffff&#8221; text_font_size=&#8221;1.5em&#8221; text_line_height=&#8221;1.5em&#8221; text_text_color_tablet=&#8221;&#8221; text_text_color_phone=&#8221;&#8221; text_text_color_last_edited=&#8221;on|phone&#8221; text_font_size_tablet=&#8221;1.5em&#8221; text_font_size_phone=&#8221;1.2em&#8221; text_font_size_last_edited=&#8221;on|desktop&#8221; [&hellip;]<\/p>\n","protected":false},"author":1,"featured_media":0,"parent":0,"menu_order":0,"comment_status":"closed","ping_status":"closed","template":"","meta":{"_et_pb_use_builder":"on","_et_pb_old_content":"","_et_gb_content_width":"","footnotes":""},"class_list":["post-144","page","type-page","status-publish","hentry"],"_links":{"self":[{"href":"https:\/\/institutobotiexikrin.org\/xk\/wp-json\/wp\/v2\/pages\/144","targetHints":{"allow":["GET"]}}],"collection":[{"href":"https:\/\/institutobotiexikrin.org\/xk\/wp-json\/wp\/v2\/pages"}],"about":[{"href":"https:\/\/institutobotiexikrin.org\/xk\/wp-json\/wp\/v2\/types\/page"}],"author":[{"embeddable":true,"href":"https:\/\/institutobotiexikrin.org\/xk\/wp-json\/wp\/v2\/users\/1"}],"replies":[{"embeddable":true,"href":"https:\/\/institutobotiexikrin.org\/xk\/wp-json\/wp\/v2\/comments?post=144"}],"version-history":[{"count":12,"href":"https:\/\/institutobotiexikrin.org\/xk\/wp-json\/wp\/v2\/pages\/144\/revisions"}],"predecessor-version":[{"id":2110,"href":"https:\/\/institutobotiexikrin.org\/xk\/wp-json\/wp\/v2\/pages\/144\/revisions\/2110"}],"wp:attachment":[{"href":"https:\/\/institutobotiexikrin.org\/xk\/wp-json\/wp\/v2\/media?parent=144"}],"curies":[{"name":"wp","href":"https:\/\/api.w.org\/{rel}","templated":true}]}}