{"id":1172,"date":"2020-10-03T21:54:04","date_gmt":"2020-10-04T00:54:04","guid":{"rendered":"https:\/\/institutobotiexikrin.org\/\/?page_id=1172"},"modified":"2020-11-26T10:57:58","modified_gmt":"2020-11-26T13:57:58","slug":"nosso-autoreconhecimento","status":"publish","type":"page","link":"https:\/\/institutobotiexikrin.org\/xk\/nosso-autoreconhecimento\/","title":{"rendered":"ME\u0303B\u00caNG\u00d4KRE KATORO KUTEWA"},"content":{"rendered":"<p>[et_pb_section fb_built=&#8221;1&#8243; _builder_version=&#8221;4.6.1&#8243; _module_preset=&#8221;default&#8221; background_color=&#8221;rgba(0,0,0,0.5)&#8221; background_image=&#8221;https:\/\/institutobotiexikrin.org\/\/wp-content\/uploads\/2020\/10\/nosso-autoreconhecimento-1.jpg&#8221; background_blend=&#8221;overlay&#8221; module_alignment=&#8221;center&#8221; min_height=&#8221;750px&#8221; hover_enabled=&#8221;0&#8243; background_last_edited=&#8221;on|desktop&#8221; background_size_phone=&#8221;cover&#8221; background_position_tablet=&#8221;center&#8221; background_position_phone=&#8221;center&#8221; sticky_enabled=&#8221;0&#8243;][et_pb_row _builder_version=&#8221;4.6.1&#8243; _module_preset=&#8221;default&#8221;][et_pb_column type=&#8221;4_4&#8243; _builder_version=&#8221;4.6.1&#8243; _module_preset=&#8221;default&#8221;][et_pb_text _builder_version=&#8221;4.6.1&#8243; _module_preset=&#8221;default&#8221; text_font=&#8221;Raleway||||||||&#8221; text_text_color=&#8221;#ffffff&#8221; text_font_size=&#8221;5em&#8221; text_line_height=&#8221;1.2em&#8221; hover_enabled=&#8221;0&#8243; text_font_size_tablet=&#8221;4em&#8221; text_font_size_phone=&#8221;2.8em&#8221; text_font_size_last_edited=&#8221;on|phone&#8221; sticky_enabled=&#8221;0&#8243;]<\/p>\n<p>NOSSO AUTO-RECONHECIMENTO<\/p>\n<p>[\/et_pb_text][et_pb_divider color=&#8221;#ffffff&#8221; divider_position=&#8221;center&#8221; divider_weight=&#8221;5px&#8221; _builder_version=&#8221;4.6.1&#8243; _module_preset=&#8221;default&#8221; width=&#8221;250px&#8221; module_alignment=&#8221;left&#8221;][\/et_pb_divider][et_pb_text _builder_version=&#8221;4.6.1&#8243; _module_preset=&#8221;default&#8221; text_font=&#8221;Raleway||||||||&#8221; text_text_color=&#8221;#ffffff&#8221; text_font_size=&#8221;1.3em&#8221; text_line_height=&#8221;1.5em&#8221; text_text_color_tablet=&#8221;&#8221; text_text_color_phone=&#8221;&#8221; text_text_color_last_edited=&#8221;on|tablet&#8221; text_font_size_tablet=&#8221;1.3em&#8221; text_font_size_phone=&#8221;1em&#8221; text_font_size_last_edited=&#8221;on|desktop&#8221;]<\/p>\n<p>Na Constitui\u00e7\u00e3o Federal, no Art. 231 diz que: \u201cS\u00e3o reconhecidos aos \u00edndios sua organiza\u00e7\u00e3o social, costumes, l\u00ednguas, cren\u00e7as e tradi\u00e7\u00f5es\u201d, em conson\u00e2ncia com a Lei 6.001 de 19 de dezembro de 1973, no seu Art. 47. \u201c\u00c9 assegurado o respeito ao patrim\u00f4nio cultural das comunidades ind\u00edgenas, seus valores art\u00edsticos e meios de express\u00e3o\u201d. Art. 217, inciso IV, da Constitui\u00e7\u00e3o Federal do Brasil, que se traduz na \u201cprote\u00e7\u00e3o e o incentivo \u00e0s manifesta\u00e7\u00f5es desportivas de cria\u00e7\u00e3o nacional\u201d e na Declara\u00e7\u00e3o da ONU sobre os Direitos dos Povos Ind\u00edgenas, do ano de 2007, no Art. 31 diz: \u201cOs povos ind\u00edgenas t\u00eam o direito a manter, controlar, proteger e desenvolver seu patrim\u00f4nio cultural, seus conhecimentos tradicionais, suas express\u00f5es culturais tradicionais, esportes e os jogos tradicionais e as artes visuais e interpretativas\u201d.<\/p>\n<p>[\/et_pb_text][\/et_pb_column][\/et_pb_row][\/et_pb_section]<\/p>\n","protected":false},"excerpt":{"rendered":"<p>[et_pb_section fb_built=&#8221;1&#8243; _builder_version=&#8221;4.6.1&#8243; _module_preset=&#8221;default&#8221; background_color=&#8221;rgba(0,0,0,0.5)&#8221; background_image=&#8221;https:\/\/institutobotiexikrin.org\/\/wp-content\/uploads\/2020\/10\/nosso-autoreconhecimento-1.jpg&#8221; background_blend=&#8221;overlay&#8221; module_alignment=&#8221;center&#8221; min_height=&#8221;750px&#8221; hover_enabled=&#8221;0&#8243; background_last_edited=&#8221;on|desktop&#8221; background_size_phone=&#8221;cover&#8221; background_position_tablet=&#8221;center&#8221; background_position_phone=&#8221;center&#8221; sticky_enabled=&#8221;0&#8243;][et_pb_row _builder_version=&#8221;4.6.1&#8243; _module_preset=&#8221;default&#8221;][et_pb_column type=&#8221;4_4&#8243; _builder_version=&#8221;4.6.1&#8243; _module_preset=&#8221;default&#8221;][et_pb_text _builder_version=&#8221;4.6.1&#8243; _module_preset=&#8221;default&#8221; text_font=&#8221;Raleway||||||||&#8221; text_text_color=&#8221;#ffffff&#8221; text_font_size=&#8221;5em&#8221; text_line_height=&#8221;1.2em&#8221; hover_enabled=&#8221;0&#8243; text_font_size_tablet=&#8221;4em&#8221; text_font_size_phone=&#8221;2.8em&#8221; text_font_size_last_edited=&#8221;on|phone&#8221; sticky_enabled=&#8221;0&#8243;] NOSSO AUTO-RECONHECIMENTO [\/et_pb_text][et_pb_divider color=&#8221;#ffffff&#8221; divider_position=&#8221;center&#8221; divider_weight=&#8221;5px&#8221; _builder_version=&#8221;4.6.1&#8243; _module_preset=&#8221;default&#8221; width=&#8221;250px&#8221; module_alignment=&#8221;left&#8221;][\/et_pb_divider][et_pb_text _builder_version=&#8221;4.6.1&#8243; _module_preset=&#8221;default&#8221; text_font=&#8221;Raleway||||||||&#8221; text_text_color=&#8221;#ffffff&#8221; text_font_size=&#8221;1.3em&#8221; text_line_height=&#8221;1.5em&#8221; text_text_color_tablet=&#8221;&#8221; text_text_color_phone=&#8221;&#8221; text_text_color_last_edited=&#8221;on|tablet&#8221; text_font_size_tablet=&#8221;1.3em&#8221; text_font_size_phone=&#8221;1em&#8221; text_font_size_last_edited=&#8221;on|desktop&#8221;] Na Constitui\u00e7\u00e3o [&hellip;]<\/p>\n","protected":false},"author":1,"featured_media":0,"parent":0,"menu_order":0,"comment_status":"closed","ping_status":"closed","template":"","meta":{"_et_pb_use_builder":"on","_et_pb_old_content":"","_et_gb_content_width":"","footnotes":""},"class_list":["post-1172","page","type-page","status-publish","hentry"],"_links":{"self":[{"href":"https:\/\/institutobotiexikrin.org\/xk\/wp-json\/wp\/v2\/pages\/1172","targetHints":{"allow":["GET"]}}],"collection":[{"href":"https:\/\/institutobotiexikrin.org\/xk\/wp-json\/wp\/v2\/pages"}],"about":[{"href":"https:\/\/institutobotiexikrin.org\/xk\/wp-json\/wp\/v2\/types\/page"}],"author":[{"embeddable":true,"href":"https:\/\/institutobotiexikrin.org\/xk\/wp-json\/wp\/v2\/users\/1"}],"replies":[{"embeddable":true,"href":"https:\/\/institutobotiexikrin.org\/xk\/wp-json\/wp\/v2\/comments?post=1172"}],"version-history":[{"count":15,"href":"https:\/\/institutobotiexikrin.org\/xk\/wp-json\/wp\/v2\/pages\/1172\/revisions"}],"predecessor-version":[{"id":2131,"href":"https:\/\/institutobotiexikrin.org\/xk\/wp-json\/wp\/v2\/pages\/1172\/revisions\/2131"}],"wp:attachment":[{"href":"https:\/\/institutobotiexikrin.org\/xk\/wp-json\/wp\/v2\/media?parent=1172"}],"curies":[{"name":"wp","href":"https:\/\/api.w.org\/{rel}","templated":true}]}}