{"id":10,"date":"2020-09-21T20:33:01","date_gmt":"2020-09-21T23:33:01","guid":{"rendered":"https:\/\/institutobotiexikrin.org\/\/?page_id=10"},"modified":"2020-11-26T10:15:35","modified_gmt":"2020-11-26T13:15:35","slug":"tipos-de-socios","status":"publish","type":"page","link":"https:\/\/institutobotiexikrin.org\/xk\/tipos-de-socios\/","title":{"rendered":"Tipos de S\u00f3cios"},"content":{"rendered":"<p>[et_pb_section fb_built=&#8221;1&#8243; _builder_version=&#8221;4.6.1&#8243; _module_preset=&#8221;default&#8221; background_color=&#8221;rgba(0,0,0,0.53)&#8221; background_image=&#8221;https:\/\/institutobotiexikrin.org\/\/wp-content\/uploads\/2020\/10\/tipos-socios.jpg&#8221; background_position=&#8221;top_center&#8221; background_blend=&#8221;overlay&#8221; min_height=&#8221;750px&#8221; min_height_last_edited=&#8221;off|desktop&#8221;][et_pb_row _builder_version=&#8221;4.6.1&#8243; _module_preset=&#8221;default&#8221;][et_pb_column type=&#8221;4_4&#8243; _builder_version=&#8221;4.6.1&#8243; _module_preset=&#8221;default&#8221;][et_pb_text _builder_version=&#8221;4.6.1&#8243; _module_preset=&#8221;default&#8221; text_font=&#8221;Raleway||||||||&#8221; text_text_color=&#8221;#ffffff&#8221; text_font_size=&#8221;5em&#8221; text_line_height=&#8221;1.2em&#8221; hover_enabled=&#8221;0&#8243; text_font_size_tablet=&#8221;4em&#8221; text_font_size_phone=&#8221;3.2em&#8221; text_font_size_last_edited=&#8221;on|phone&#8221; sticky_enabled=&#8221;0&#8243;]<\/p>\n<p>TIPOS DE S\u00d3CIOS<\/p>\n<p>[\/et_pb_text][et_pb_divider color=&#8221;#ffffff&#8221; divider_position=&#8221;center&#8221; divider_weight=&#8221;5px&#8221; _builder_version=&#8221;4.6.1&#8243; _module_preset=&#8221;default&#8221; width=&#8221;250px&#8221; module_alignment=&#8221;left&#8221;][\/et_pb_divider][\/et_pb_column][\/et_pb_row][\/et_pb_section][et_pb_section fb_built=&#8221;1&#8243; _builder_version=&#8221;4.6.1&#8243; _module_preset=&#8221;default&#8221; background_color=&#8221;#ddc79c&#8221; custom_padding=&#8221;54px|||||&#8221;][et_pb_row use_custom_gutter=&#8221;on&#8221; gutter_width=&#8221;1&#8243; _builder_version=&#8221;4.6.1&#8243; _module_preset=&#8221;default&#8221; custom_margin=&#8221;||30px||false|false&#8221; custom_margin_tablet=&#8221;&#8221; custom_margin_phone=&#8221;&#8221; custom_margin_last_edited=&#8221;on|tablet&#8221; custom_padding=&#8221;0px||0px||false|false&#8221;][et_pb_column type=&#8221;4_4&#8243; _builder_version=&#8221;4.6.1&#8243; _module_preset=&#8221;default&#8221;][et_pb_code raw_content_last_edited=&#8221;off|desktop&#8221; disabled_on=&#8221;on|off|off&#8221; _builder_version=&#8221;4.6.1&#8243; _module_preset=&#8221;default&#8221; custom_margin=&#8221;|150px||150px|false|false&#8221; custom_margin_tablet=&#8221;|0px||0px|false|false&#8221; custom_margin_phone=&#8221;&#8221; custom_margin_last_edited=&#8221;on|tablet&#8221; box_shadow_style=&#8221;preset2&#8243; box_shadow_blur=&#8221;5px&#8221;]<\/p>\n<div style=\"display: flex;justify-content: center; align-items: center;background-color: #fff;\"><!-- [et_pb_line_break_holder] -->  <img decoding=\"async\" src=\"https:\/\/institutobotiexikrin.org\/\/wp-content\/uploads\/2020\/10\/lateral-maior-vermelho.png\" style=\"width: 215px;height: 215px;\"><!-- [et_pb_line_break_holder] -->\t<pee style=\"background-color: #FFF;color: #000; font-size: 1.1em;line-height: 1.7em;padding: 20px\"><!-- [et_pb_line_break_holder] -->    <span style=\"color: #8F010B;font-weight: bold;font-size: 1.4em;\">S\u00f3cio Mebeng\u00f4kre<\/span><!\u2013- [et_pb_br_holder] -\u2013><!-- [et_pb_line_break_holder] -->    Todos os ind\u00edgenas Xikrin residentes e domiciliados na Terra Ind\u00edgena Xikrin do Catet\u00e9, que reconhe\u00e7am essa entidade como inst\u00e2ncia de representa\u00e7\u00e3o concordando com as disposi\u00e7\u00f5es do estatuto do Instituto.<!-- [et_pb_line_break_holder] -->  <\/pee>  <!-- [et_pb_line_break_holder] --><\/div>\n<p>[\/et_pb_code][et_pb_code raw_content_phone=&#8221;<\/p>\n<div style=%22display: flex;flex-direction: column;justify-content: center; align-items: center;background-color: #FFF;color: #000;font-size: 1.2em;line-height: 1.5em%22>\n<div style=%22%22>\n    <img src=%22https:\/\/institutobotiexikrin.org\/\/wp-content\/uploads\/2020\/10\/lateral-maior.png%22>\n  <\/div>\n<div>\n<p style=%22padding: 20px;%22>Promover a solidariedade, a integra\u00e7\u00e3o e interc\u00e2mbio cultural dos povos ind\u00edgenas, promovendo o bem estar social.<\/p>\n<\/p><\/div>\n<div style=%22%22>\n    <img src=%22https:\/\/institutobotiexikrin.org\/\/wp-content\/uploads\/2020\/10\/lateral-horizonal.png%22>\n  <\/div>\n<\/div>\n<p>&#8221; raw_content_last_edited=&#8221;off|desktop&#8221; disabled_on=&#8221;off|on|on&#8221; _builder_version=&#8221;4.6.1&#8243; _module_preset=&#8221;default&#8221; custom_padding=&#8221;|35px||35px|false|false&#8221;]<\/p>\n<div style=\"display: flex;flex-direction: column;justify-content: center; align-items: center;background-color: #FFF;color: #000;font-size: 1.2em; line-height: 1.7em\"><!-- [et_pb_line_break_holder] -->    <img decoding=\"async\" src=\"https:\/\/institutobotiexikrin.org\/\/wp-content\/uploads\/2020\/10\/lateral-maior-vermelho.png\" style=\"transform: rotate(90deg);\"><!-- [et_pb_line_break_holder] -->  <\/p>\n<div><!-- [et_pb_line_break_holder] -->\t<pee style=\"background-color: #FFF;color: #000; font-size: 1.1em;line-height: 1.7em;padding: 20px\"><!-- [et_pb_line_break_holder] -->    <span style=\"color: #8F010B;font-weight: bold;font-size: 1.4em;\">S\u00f3cio Mebeng\u00f4kre<\/span><!\u2013- [et_pb_br_holder] -\u2013><!-- [et_pb_line_break_holder] -->    Todos os ind\u00edgenas Xikrin residentes e domiciliados na Terra Ind\u00edgena Xikrin do Catet\u00e9, que reconhe\u00e7am essa entidade como inst\u00e2ncia de representa\u00e7\u00e3o concordando com as disposi\u00e7\u00f5es do estatuto do Instituto.<!-- [et_pb_line_break_holder] -->  <\/pee>  <!-- [et_pb_line_break_holder] -->  <\/div>\n<p><!-- [et_pb_line_break_holder] --><\/div>\n<p>[\/et_pb_code][\/et_pb_column][\/et_pb_row][et_pb_row use_custom_gutter=&#8221;on&#8221; gutter_width=&#8221;1&#8243; _builder_version=&#8221;4.6.1&#8243; _module_preset=&#8221;default&#8221; custom_margin=&#8221;||30px||false|false&#8221; custom_margin_tablet=&#8221;&#8221; custom_margin_phone=&#8221;&#8221; custom_margin_last_edited=&#8221;on|tablet&#8221; custom_padding=&#8221;0px||0px||false|false&#8221;][et_pb_column type=&#8221;4_4&#8243; _builder_version=&#8221;4.6.1&#8243; _module_preset=&#8221;default&#8221;][et_pb_code raw_content_last_edited=&#8221;off|tablet&#8221; disabled_on=&#8221;on|off|off&#8221; _builder_version=&#8221;4.6.1&#8243; _module_preset=&#8221;default&#8221; custom_margin=&#8221;|150px||150px|false|false&#8221; custom_margin_tablet=&#8221;|0px||0px|false|false&#8221; custom_margin_phone=&#8221;&#8221; custom_margin_last_edited=&#8221;on|tablet&#8221; box_shadow_style=&#8221;preset2&#8243; box_shadow_blur=&#8221;5px&#8221;]<\/p>\n<div style=\"display: flex;justify-content: center; align-items: center;background-color: #fff;\"><!-- [et_pb_line_break_holder] -->\t<pee style=\"background-color: #FFF;color: #000; font-size: 1.1em;line-height: 1.7em;padding: 20px;text-align: right;\"><!-- [et_pb_line_break_holder] -->    <span style=\"color: #8F010B;font-weight: bold;font-size: 1.4em;\">S\u00f3cio Ikamy<\/span><!\u2013- [et_pb_br_holder] -\u2013><!-- [et_pb_line_break_holder] -->    S\u00e3o ind\u00edgenas ou descendentes de ind\u00edgenas de outras etnias, devidamente reconhecidos e aceitos pelos costumes e tradi\u00e7\u00f5es Xikrin, que se submetam \u00e0 organiza\u00e7\u00e3o e tradi\u00e7\u00f5es Xikrin.<!-- [et_pb_line_break_holder] -->  <\/pee> <!-- [et_pb_line_break_holder] -->  <img decoding=\"async\" src=\"https:\/\/institutobotiexikrin.org\/\/wp-content\/uploads\/2020\/10\/lateral-maior-amarelo.png\" style=\"width: 215px;height: 215px;\"><!-- [et_pb_line_break_holder] -->  <!-- [et_pb_line_break_holder] --><\/div>\n<p>[\/et_pb_code][et_pb_code raw_content_phone=&#8221;<\/p>\n<div style=%22display: flex;flex-direction: column;justify-content: center; align-items: center;background-color: #FFF;color: #000;font-size: 1.2em;line-height: 1.5em%22>\n<div style=%22%22>\n    <img src=%22https:\/\/institutobotiexikrin.org\/\/wp-content\/uploads\/2020\/10\/lateral-maior.png%22>\n  <\/div>\n<div>\n<p style=%22padding: 20px;%22>Promover a solidariedade, a integra\u00e7\u00e3o e interc\u00e2mbio cultural dos povos ind\u00edgenas, promovendo o bem estar social.<\/p>\n<\/p><\/div>\n<div style=%22%22>\n    <img src=%22https:\/\/institutobotiexikrin.org\/\/wp-content\/uploads\/2020\/10\/lateral-horizonal.png%22>\n  <\/div>\n<\/div>\n<p>&#8221; raw_content_last_edited=&#8221;off|desktop&#8221; disabled_on=&#8221;off|on|on&#8221; _builder_version=&#8221;4.6.1&#8243; _module_preset=&#8221;default&#8221; custom_padding=&#8221;|35px||35px|false|false&#8221;]<\/p>\n<div style=\"display: flex;flex-direction: column;justify-content: center; align-items: center;background-color: #FFF;color: #000;font-size: 1.2em; line-height: 1.7em\"><!-- [et_pb_line_break_holder] -->    <img decoding=\"async\" src=\"https:\/\/institutobotiexikrin.org\/\/wp-content\/uploads\/2020\/10\/lateral-maior-amarelo.png\" style=\"transform: rotate(270deg);\"><!-- [et_pb_line_break_holder] -->  <\/p>\n<div><!-- [et_pb_line_break_holder] -->\t<pee style=\"background-color: #FFF;color: #000; font-size: 1.1em;line-height: 1.7em;padding: 20px\"><!-- [et_pb_line_break_holder] -->    <span style=\"color: #8F010B;font-weight: bold;font-size: 1.4em;\">S\u00f3cio Ikamy<\/span><!\u2013- [et_pb_br_holder] -\u2013><!-- [et_pb_line_break_holder] -->    S\u00e3o ind\u00edgenas ou descendentes de ind\u00edgenas de outras etnias, devidamente reconhecidos e aceitos pelos costumes e tradi\u00e7\u00f5es Xikrin, que se submetam \u00e0 organiza\u00e7\u00e3o e tradi\u00e7\u00f5es Xikrin.<!-- [et_pb_line_break_holder] -->  <\/pee>  <!-- [et_pb_line_break_holder] -->  <\/div>\n<p><!-- [et_pb_line_break_holder] --><\/div>\n<p>[\/et_pb_code][\/et_pb_column][\/et_pb_row][et_pb_row use_custom_gutter=&#8221;on&#8221; gutter_width=&#8221;1&#8243; _builder_version=&#8221;4.6.1&#8243; _module_preset=&#8221;default&#8221; custom_margin=&#8221;||30px||false|false&#8221; custom_margin_tablet=&#8221;&#8221; custom_margin_phone=&#8221;&#8221; custom_margin_last_edited=&#8221;on|tablet&#8221; custom_padding=&#8221;0px||0px||false|false&#8221;][et_pb_column type=&#8221;4_4&#8243; _builder_version=&#8221;4.6.1&#8243; _module_preset=&#8221;default&#8221;][et_pb_code raw_content_last_edited=&#8221;off|tablet&#8221; disabled_on=&#8221;on|off|off&#8221; _builder_version=&#8221;4.6.1&#8243; _module_preset=&#8221;default&#8221; custom_margin=&#8221;|150px||150px|false|false&#8221; custom_margin_tablet=&#8221;|0px||0px|false|false&#8221; custom_margin_phone=&#8221;&#8221; custom_margin_last_edited=&#8221;on|tablet&#8221; box_shadow_style=&#8221;preset2&#8243; box_shadow_blur=&#8221;5px&#8221;]<\/p>\n<div style=\"display: flex;justify-content: center; align-items: center;background-color: #fff;\"><!-- [et_pb_line_break_holder] -->  <img decoding=\"async\" src=\"https:\/\/institutobotiexikrin.org\/\/wp-content\/uploads\/2020\/10\/lateral-maior-azul.png\" style=\"width: 215px;height: 215px;\"><!-- [et_pb_line_break_holder] -->\t<pee style=\"background-color: #FFF;color: #000; font-size: 1.1em;line-height: 1.7em;padding: 20px\"><!-- [et_pb_line_break_holder] -->    <span style=\"color: #8F010B;font-weight: bold;font-size: 1.4em;\">S\u00f3cio Kubem Mex Benem\u00e9rito<\/span><!\u2013- [et_pb_br_holder] -\u2013><!-- [et_pb_line_break_holder] -->    Todo aquele cidad\u00e3o ou cidad\u00e3 n\u00e3o ind\u00edgena que tenha se distinguido pela sua atua\u00e7\u00e3o com presta\u00e7\u00e3o de servi\u00e7os relevantes para a realiza\u00e7\u00e3o permanente dos altos interesses da entidade e das comunidades ind\u00edgenas Xikrin.<!-- [et_pb_line_break_holder] -->  <\/pee>  <!-- [et_pb_line_break_holder] --><\/div>\n<p>[\/et_pb_code][et_pb_code raw_content_phone=&#8221;<\/p>\n<div style=%22display: flex;flex-direction: column;justify-content: center; align-items: center;background-color: #FFF;color: #000;font-size: 1.2em;line-height: 1.5em%22>\n<div style=%22%22>\n    <img src=%22https:\/\/institutobotiexikrin.org\/\/wp-content\/uploads\/2020\/10\/lateral-maior.png%22>\n  <\/div>\n<div>\n<p style=%22padding: 20px;%22>Promover a solidariedade, a integra\u00e7\u00e3o e interc\u00e2mbio cultural dos povos ind\u00edgenas, promovendo o bem estar social.<\/p>\n<\/p><\/div>\n<div style=%22%22>\n    <img src=%22https:\/\/institutobotiexikrin.org\/\/wp-content\/uploads\/2020\/10\/lateral-horizonal.png%22>\n  <\/div>\n<\/div>\n<p>&#8221; raw_content_last_edited=&#8221;off|desktop&#8221; disabled_on=&#8221;off|on|on&#8221; _builder_version=&#8221;4.6.1&#8243; _module_preset=&#8221;default&#8221; custom_padding=&#8221;|35px||35px|false|false&#8221;]<\/p>\n<div style=\"display: flex;flex-direction: column;justify-content: center; align-items: center;background-color: #FFF;color: #000;font-size: 1.2em; line-height: 1.7em\"><!-- [et_pb_line_break_holder] -->    <img decoding=\"async\" src=\"https:\/\/institutobotiexikrin.org\/\/wp-content\/uploads\/2020\/10\/lateral-maior-azul.png\" style=\"transform: rotate(90deg);\"><!-- [et_pb_line_break_holder] -->  <\/p>\n<div><!-- [et_pb_line_break_holder] -->\t<pee style=\"background-color: #FFF;color: #000; font-size: 1.1em;line-height: 1.7em;padding: 20px\"><!-- [et_pb_line_break_holder] -->    <span style=\"color: #8F010B;font-weight: bold;font-size: 1.4em;\">S\u00f3cio Kubem Mex Benem\u00e9rito<\/span><!\u2013- [et_pb_br_holder] -\u2013><!-- [et_pb_line_break_holder] -->    Todo aquele cidad\u00e3o ou cidad\u00e3 n\u00e3o ind\u00edgena que tenha se distinguido pela sua atua\u00e7\u00e3o com presta\u00e7\u00e3o de servi\u00e7os relevantes para a realiza\u00e7\u00e3o permanente dos altos interesses da entidade e das comunidades ind\u00edgenas Xikrin.<!-- [et_pb_line_break_holder] -->  <\/pee>  <!-- [et_pb_line_break_holder] -->  <\/div>\n<p><!-- [et_pb_line_break_holder] --><\/div>\n<p>[\/et_pb_code][\/et_pb_column][\/et_pb_row][et_pb_row use_custom_gutter=&#8221;on&#8221; gutter_width=&#8221;1&#8243; _builder_version=&#8221;4.6.1&#8243; _module_preset=&#8221;default&#8221; custom_margin=&#8221;||30px||false|false&#8221; custom_margin_tablet=&#8221;&#8221; custom_margin_phone=&#8221;&#8221; custom_margin_last_edited=&#8221;on|tablet&#8221; custom_padding=&#8221;0px||0px||false|false&#8221;][et_pb_column type=&#8221;4_4&#8243; _builder_version=&#8221;4.6.1&#8243; _module_preset=&#8221;default&#8221;][et_pb_code raw_content_last_edited=&#8221;off|tablet&#8221; disabled_on=&#8221;on|off|off&#8221; _builder_version=&#8221;4.6.1&#8243; _module_preset=&#8221;default&#8221; custom_margin=&#8221;|150px||150px|false|false&#8221; custom_margin_tablet=&#8221;|0px||0px|false|false&#8221; custom_margin_phone=&#8221;&#8221; custom_margin_last_edited=&#8221;on|tablet&#8221; box_shadow_style=&#8221;preset2&#8243; box_shadow_blur=&#8221;5px&#8221;]<\/p>\n<div style=\"display: flex;justify-content: center; align-items: center;background-color: #fff;\"><!-- [et_pb_line_break_holder] -->\t<pee style=\"background-color: #FFF;color: #000; font-size: 1.1em;line-height: 1.7em;padding: 20px;text-align: right;\"><!-- [et_pb_line_break_holder] -->    <span style=\"color: #8F010B;font-weight: bold;font-size: 1.4em;\">Assembleia Geral<\/span><!\u2013- [et_pb_br_holder] -\u2013><!-- [et_pb_line_break_holder] -->    Assembleia Geral Ordin\u00e1ria ou extraordin\u00e1ria convocada pela dire\u00e7\u00e3o executiva ou pela maioria dos membros do Conselho de Administra\u00e7\u00e3o e do Conselho Fiscal.<!-- [et_pb_line_break_holder] -->  <\/pee> <!-- [et_pb_line_break_holder] -->  <img decoding=\"async\" src=\"https:\/\/institutobotiexikrin.org\/\/wp-content\/uploads\/2020\/10\/lateral-maior-vermelho.png\" style=\"width: 215px;height: 215px;transform: rotate(180deg);\"><!-- [et_pb_line_break_holder] -->  <!-- [et_pb_line_break_holder] --><\/div>\n<p>[\/et_pb_code][et_pb_code raw_content_phone=&#8221;<\/p>\n<div style=%22display: flex;flex-direction: column;justify-content: center; align-items: center;background-color: #FFF;color: #000;font-size: 1.2em;line-height: 1.5em%22>\n<div style=%22%22>\n    <img src=%22https:\/\/institutobotiexikrin.org\/\/wp-content\/uploads\/2020\/10\/lateral-maior.png%22>\n  <\/div>\n<div>\n<p style=%22padding: 20px;%22>Promover a solidariedade, a integra\u00e7\u00e3o e interc\u00e2mbio cultural dos povos ind\u00edgenas, promovendo o bem estar social.<\/p>\n<\/p><\/div>\n<div style=%22%22>\n    <img src=%22https:\/\/institutobotiexikrin.org\/\/wp-content\/uploads\/2020\/10\/lateral-horizonal.png%22>\n  <\/div>\n<\/div>\n<p>&#8221; raw_content_last_edited=&#8221;off|desktop&#8221; disabled_on=&#8221;off|on|on&#8221; _builder_version=&#8221;4.6.1&#8243; _module_preset=&#8221;default&#8221; custom_padding=&#8221;|35px||35px|false|false&#8221;]<\/p>\n<div style=\"display: flex;flex-direction: column;justify-content: center; align-items: center;background-color: #FFF;color: #000;font-size: 1.2em; line-height: 1.7em\"><!-- [et_pb_line_break_holder] -->    <img decoding=\"async\" src=\"https:\/\/institutobotiexikrin.org\/\/wp-content\/uploads\/2020\/10\/lateral-maior-vermelho.png\" style=\"transform: rotate(90deg);\"><!-- [et_pb_line_break_holder] -->  <\/p>\n<div><!-- [et_pb_line_break_holder] -->\t<pee style=\"background-color: #FFF;color: #000; font-size: 1.1em;line-height: 1.7em;padding: 20px\"><!-- [et_pb_line_break_holder] -->    <span style=\"color: #8F010B;font-weight: bold;font-size: 1.4em;\">Assembleia Geral<\/span><!\u2013- [et_pb_br_holder] -\u2013><!-- [et_pb_line_break_holder] -->    Assembleia Geral Ordin\u00e1ria ou extraordin\u00e1ria convocada pela dire\u00e7\u00e3o executiva ou pela maioria dos membros do Conselho de Administra\u00e7\u00e3o e do Conselho Fiscal.<!-- [et_pb_line_break_holder] -->  <\/pee>  <!-- [et_pb_line_break_holder] -->  <\/div>\n<p><!-- [et_pb_line_break_holder] --><\/div>\n<p>[\/et_pb_code][\/et_pb_column][\/et_pb_row][\/et_pb_section]<\/p>\n","protected":false},"excerpt":{"rendered":"<p>[et_pb_section fb_built=&#8221;1&#8243; _builder_version=&#8221;4.6.1&#8243; _module_preset=&#8221;default&#8221; background_color=&#8221;rgba(0,0,0,0.53)&#8221; background_image=&#8221;https:\/\/institutobotiexikrin.org\/\/wp-content\/uploads\/2020\/10\/tipos-socios.jpg&#8221; background_position=&#8221;top_center&#8221; background_blend=&#8221;overlay&#8221; min_height=&#8221;750px&#8221; min_height_last_edited=&#8221;off|desktop&#8221;][et_pb_row _builder_version=&#8221;4.6.1&#8243; _module_preset=&#8221;default&#8221;][et_pb_column type=&#8221;4_4&#8243; _builder_version=&#8221;4.6.1&#8243; _module_preset=&#8221;default&#8221;][et_pb_text _builder_version=&#8221;4.6.1&#8243; _module_preset=&#8221;default&#8221; text_font=&#8221;Raleway||||||||&#8221; text_text_color=&#8221;#ffffff&#8221; text_font_size=&#8221;5em&#8221; text_line_height=&#8221;1.2em&#8221; hover_enabled=&#8221;0&#8243; text_font_size_tablet=&#8221;4em&#8221; text_font_size_phone=&#8221;3.2em&#8221; text_font_size_last_edited=&#8221;on|phone&#8221; sticky_enabled=&#8221;0&#8243;] TIPOS DE S\u00d3CIOS [\/et_pb_text][et_pb_divider color=&#8221;#ffffff&#8221; divider_position=&#8221;center&#8221; divider_weight=&#8221;5px&#8221; _builder_version=&#8221;4.6.1&#8243; _module_preset=&#8221;default&#8221; width=&#8221;250px&#8221; module_alignment=&#8221;left&#8221;][\/et_pb_divider][\/et_pb_column][\/et_pb_row][\/et_pb_section][et_pb_section fb_built=&#8221;1&#8243; _builder_version=&#8221;4.6.1&#8243; _module_preset=&#8221;default&#8221; background_color=&#8221;#ddc79c&#8221; custom_padding=&#8221;54px|||||&#8221;][et_pb_row use_custom_gutter=&#8221;on&#8221; gutter_width=&#8221;1&#8243; _builder_version=&#8221;4.6.1&#8243; _module_preset=&#8221;default&#8221; custom_margin=&#8221;||30px||false|false&#8221; custom_margin_tablet=&#8221;&#8221; custom_margin_phone=&#8221;&#8221; custom_margin_last_edited=&#8221;on|tablet&#8221; custom_padding=&#8221;0px||0px||false|false&#8221;][et_pb_column type=&#8221;4_4&#8243; _builder_version=&#8221;4.6.1&#8243; _module_preset=&#8221;default&#8221;][et_pb_code raw_content_last_edited=&#8221;off|desktop&#8221; [&hellip;]<\/p>\n","protected":false},"author":1,"featured_media":0,"parent":0,"menu_order":0,"comment_status":"closed","ping_status":"closed","template":"","meta":{"_et_pb_use_builder":"on","_et_pb_old_content":"<!-- wp:divi\/placeholder \/-->","_et_gb_content_width":"","footnotes":""},"class_list":["post-10","page","type-page","status-publish","hentry"],"_links":{"self":[{"href":"https:\/\/institutobotiexikrin.org\/xk\/wp-json\/wp\/v2\/pages\/10","targetHints":{"allow":["GET"]}}],"collection":[{"href":"https:\/\/institutobotiexikrin.org\/xk\/wp-json\/wp\/v2\/pages"}],"about":[{"href":"https:\/\/institutobotiexikrin.org\/xk\/wp-json\/wp\/v2\/types\/page"}],"author":[{"embeddable":true,"href":"https:\/\/institutobotiexikrin.org\/xk\/wp-json\/wp\/v2\/users\/1"}],"replies":[{"embeddable":true,"href":"https:\/\/institutobotiexikrin.org\/xk\/wp-json\/wp\/v2\/comments?post=10"}],"version-history":[{"count":29,"href":"https:\/\/institutobotiexikrin.org\/xk\/wp-json\/wp\/v2\/pages\/10\/revisions"}],"predecessor-version":[{"id":2112,"href":"https:\/\/institutobotiexikrin.org\/xk\/wp-json\/wp\/v2\/pages\/10\/revisions\/2112"}],"wp:attachment":[{"href":"https:\/\/institutobotiexikrin.org\/xk\/wp-json\/wp\/v2\/media?parent=10"}],"curies":[{"name":"wp","href":"https:\/\/api.w.org\/{rel}","templated":true}]}}